{"id":9594,"date":"2024-01-23T12:26:21","date_gmt":"2024-01-23T11:26:21","guid":{"rendered":"https:\/\/fadn.cz\/?page_id=9594"},"modified":"2024-05-15T12:40:08","modified_gmt":"2024-05-15T10:40:08","slug":"prohlaseni-o-pristupnosti","status":"publish","type":"page","link":"https:\/\/fadn.cz\/en\/prohlaseni-o-pristupnosti\/","title":{"rendered":"ACCESSIBILITY STATEMENT"},"content":{"rendered":"<div data-elementor-type=\"wp-page\" data-elementor-id=\"9594\" class=\"elementor elementor-9594\">\n\t\t\t\t<div class=\"elementor-element elementor-element-2645866 e-flex e-con-boxed e-con e-parent\" data-id=\"2645866\" data-element_type=\"container\" data-e-type=\"container\">\n\t\t\t\t\t<div class=\"e-con-inner\">\n\t\t\t\t<div class=\"elementor-element elementor-element-489d999 elementor-widget-divider--view-line elementor-widget elementor-widget-divider\" data-id=\"489d999\" data-element_type=\"widget\" data-e-type=\"widget\" data-widget_type=\"divider.default\">\n\t\t\t\t\t\t\t<div class=\"elementor-divider\">\n\t\t\t<span class=\"elementor-divider-separator\">\n\t\t\t\t\t\t<\/span>\n\t\t<\/div>\n\t\t\t\t\t\t<\/div>\n\t\t\t\t\t<\/div>\n\t\t\t\t<\/div>\n\t\t<div class=\"elementor-element elementor-element-5fc4039 e-flex e-con-boxed e-con e-parent\" data-id=\"5fc4039\" data-element_type=\"container\" data-e-type=\"container\">\n\t\t\t\t\t<div class=\"e-con-inner\">\n\t\t\t\t<div class=\"elementor-element elementor-element-a5fec21 elementor-widget elementor-widget-heading\" data-id=\"a5fec21\" data-element_type=\"widget\" data-e-type=\"widget\" data-widget_type=\"heading.default\">\n\t\t\t\t\t<h1 class=\"elementor-heading-title elementor-size-default\">Accessibility Statement<\/h1>\t\t\t\t<\/div>\n\t\t\t\t\t<\/div>\n\t\t\t\t<\/div>\n\t\t<div class=\"elementor-element elementor-element-7ca3330 e-flex e-con-boxed e-con e-parent\" data-id=\"7ca3330\" data-element_type=\"container\" data-e-type=\"container\">\n\t\t\t\t\t<div class=\"e-con-inner\">\n\t\t\t\t<div class=\"elementor-element elementor-element-92fd034 elementor-widget-divider--view-line elementor-widget elementor-widget-divider\" data-id=\"92fd034\" data-element_type=\"widget\" data-e-type=\"widget\" data-widget_type=\"divider.default\">\n\t\t\t\t\t\t\t<div class=\"elementor-divider\">\n\t\t\t<span class=\"elementor-divider-separator\">\n\t\t\t\t\t\t<\/span>\n\t\t<\/div>\n\t\t\t\t\t\t<\/div>\n\t\t\t\t\t<\/div>\n\t\t\t\t<\/div>\n\t\t<div class=\"elementor-element elementor-element-2ce3733 e-flex e-con-boxed e-con e-parent\" data-id=\"2ce3733\" data-element_type=\"container\" data-e-type=\"container\">\n\t\t\t\t\t<div class=\"e-con-inner\">\n\t\t\t\t<div class=\"elementor-element elementor-element-217195e elementor-widget elementor-widget-text-editor\" data-id=\"217195e\" data-element_type=\"widget\" data-e-type=\"widget\" data-widget_type=\"text-editor.default\">\n\t\t\t\t\t\t\t\t\t<div class=\"content\"><div class=\"page__body\"><h5><span style=\"color: #000000;\">Accessibility Statement<\/span><\/h5><p><span style=\"color: #000000;\">The Institute of Agricultural Economics and Information undertakes to make its website available <a style=\"color: #000000;\" href=\"https:\/\/fadn.cz\/en\/\">www.fadn.cz<\/a> in accordance with Act No. 99\/2019 Coll., on the accessibility of websites and mobile applications and on the amendment of Act No. 365\/2000 Coll., on public administration information systems and on the amendment of certain other laws, as amended by Directive (EU) 2016\/2102 of the European Parliament and of the Council of 26 October 2016 on the accessibility of websites and mobile applications.<\/span><\/p><p><span style=\"color: #000000;\">Toto prohl\u00e1\u0161en\u00ed o&nbsp;p\u0159\u00edstupnosti se&nbsp;vztahuje na&nbsp;internetovou str\u00e1nku <a style=\"color: #000000;\" href=\"https:\/\/fadn.cz\/en\/\">https:\/\/www.fadn.cz\/<\/a><\/span><\/p><p><strong><span style=\"color: #000000;\">Compliance status<\/span><\/strong><br \/><span style=\"color: #000000;\">This website is partially in compliance with Act No. 99\/2019 Coll., on the accessibility of websites and mobile applications and on the amendment of Act No. 365\/2000 Coll., on public administration information systems and on the amendment of certain other laws, as amended later regulations, due to insufficiently accessible content or the exceptions listed below<\/span><\/p><div><strong><span style=\"color: #000000;\">Principles of accessibility of the FADN website:<\/span><\/strong><\/div><div>\u00a0<\/div><div><span style=\"color: #000000;\">1. Perceptibility: 1.1 Text alternatives: AA<\/span><\/div><div>\u00a0<\/div><div><span style=\"color: #000000;\">\u00a0 \u00a0 \u00a0 \u00a0 \u00a0 \u00a0 \u00a0 \u00a0 \u00a0 \u00a0 \u00a0 \u00a0 \u00a0 \u00a01.2 Time-Dependent Multimedia Elements: AA<\/span><\/div><div>\u00a0<\/div><div><span style=\"color: #000000;\">\u00a0 \u00a0 \u00a0 \u00a0 \u00a0 \u00a0 \u00a0 \u00a0 \u00a0 \u00a0 \u00a0 \u00a0 \u00a0 \u00a01.3 Customizable: AAA<\/span><\/div><div>\u00a0<\/div><div><span style=\"color: #000000;\">\u00a0 \u00a0 \u00a0 \u00a0 \u00a0 \u00a0 \u00a0 \u00a0 \u00a0 \u00a0 \u00a0 \u00a0 \u00a0 \u00a01.4 Distinguishable: AAA<\/span><\/div><div>\u00a0<\/div><div><span style=\"color: #000000;\">2. Operability: 2.1 Keyboard accessibility: AAA<\/span><\/div><div>\u00a0<\/div><div><span style=\"color: #000000;\">\u00a0 \u00a0 \u00a0 \u00a0 \u00a0 \u00a0 \u00a0 \u00a0 \u00a0 \u00a0 \u00a0 \u00a0 \u00a0 \u00a0 2.2 Sufficient time: AAA<\/span><\/div><div>\u00a0<\/div><div><span style=\"color: #000000;\">\u00a0 \u00a0 \u00a0 \u00a0 \u00a0 \u00a0 \u00a0 \u00a0 \u00a0 \u00a0 \u00a0 \u00a0 \u00a0 \u00a0 2.3 Seizures and Physical Reactions: AAA<\/span><\/div><div>\u00a0<\/div><div><span style=\"color: #000000;\">\u00a0 \u00a0 \u00a0 \u00a0 \u00a0 \u00a0 \u00a0 \u00a0 \u00a0 \u00a0 \u00a0 \u00a0 \u00a0 \u00a0 2.4 Ease of Navigation: AAA<\/span><\/div><div>\u00a0<\/div><div><span style=\"color: #000000;\">\u00a0 \u00a0 \u00a0 \u00a0 \u00a0 \u00a0 \u00a0 \u00a0 \u00a0 \u00a0 \u00a0 \u00a0 \u00a0 \u00a0 2.5 Entry Methods: AAA<\/span><\/div><div>\u00a0<\/div><div><span style=\"color: #000000;\">3. Legibility: 3.1 Legibility: AAA<\/span><\/div><div>\u00a0<\/div><div><span style=\"color: #000000;\">\u00a0 \u00a0 \u00a0 \u00a0 \u00a0 \u00a0 \u00a0 \u00a0 \u00a0 \u00a0 \u00a0 \u00a0 \u00a0 \u00a0 \u00a0 3.2 Intuitive: AAA<\/span><\/div><div>\u00a0<\/div><div><span style=\"color: #000000;\">\u00a0 \u00a0 \u00a0 \u00a0 \u00a0 \u00a0 \u00a0 \u00a0 \u00a0 \u00a0 \u00a0 \u00a0 \u00a0 \u00a0 \u00a0 3.3 Entry Assistance: AA<\/span><\/div><div>\u00a0<\/div><div><span style=\"color: #000000;\">4. Stability: 4.1 Compatible: AAA<\/span><\/div><div>\u00a0<\/div><div>\u00a0<\/div><div><span style=\"color: #000000;\">Overall rating: AAA<\/span><\/div><div><span style=\"color: #000000;\">\u00a0<\/span><\/div><p><strong><span style=\"color: #000000;\">Drafting of this Accessibility Statement<\/span><\/strong><br \/><span style=\"color: #000000;\">The accessibility statement was prepared on 01\/23\/2024<\/span><\/p><p><span style=\"color: #000000;\">The method of self-assessment carried out by the Institute of Agricultural Economics and Information was used to prepare this statement<\/span><\/p><p><strong><span style=\"color: #000000;\">Feedback and Contact Information<\/span><\/strong><br \/><span style=\"color: #000000;\">We are still working to make this site accessible to all users without any problems. Please let us know if you encounter any problem. Please use e-mail to send suggestions, observations or information about problems with the display of this page <a style=\"color: #000000;\" href=\"\/en\/fadn@fadn.cz\/\">fadn@fadn.cz<\/a>.<\/span><\/p><p><strong><span style=\"color: #000000;\">Law enforcement procedures<\/span><\/strong><br \/><span style=\"color: #000000;\">In the event of an unsatisfactory response to a notice or request sent in accordance with Article 7 paragraph 1 letter b) website and mobile app accessibility guidelines contact the relevant law enforcement authority:<\/span><\/p><p><span style=\"color: #000000;\">Digital and information agency<\/span><br \/><span style=\"color: #000000;\">Na V\u00e1pence 915\/14<\/span><br \/><span style=\"color: #000000;\">Praha 3<\/span><br \/><span style=\"color: #000000;\">email: <a style=\"color: #000000;\" href=\"mailto:pristupnost@dia.gov.cz\">pristupnost@dia.gov.cz<\/a><\/span><br \/><span style=\"color: #000000;\">\u00a0<\/span><\/p><h5><span style=\"color: #000000;\">Information about cookies and their settings<\/span><\/h5><p><strong><span style=\"color: #000000;\">Cookies<\/span><\/strong><br \/><span style=\"color: #000000;\">It is sometimes necessary to place small data files, known as cookies, on your device for the website to function properly.<\/span><\/p><p><strong><span style=\"color: #000000;\">What are cookies?<\/span><\/strong><br \/><span style=\"color: #000000;\">Cookies are small text files that websites store on your computer or mobile device when you start using the website. In this way, the site remembers your preferences and the actions you took on them for a certain period of time (for example, login information, language, font size and other display preferences), so you do not have to re-enter these data and jump from one page to another.<\/span><\/p><p><strong><span style=\"color: #000000;\">Which cookies does the website use?<\/span><\/strong><br \/><span style=\"color: #000000;\">Google Analytics for traffic analysis. You can read about the terms of use of Google Analytics on the Google developers website.<\/span><\/p><p><strong><span style=\"color: #000000;\">Cookie consent settings<\/span><\/strong><br \/><span style=\"color: #000000;\">We use the following types of cookies during your visits. You give us consent to use all or only selected types. You can edit your previously granted consents here.<\/span><\/p><\/div><\/div>\t\t\t\t\t\t\t\t<\/div>\n\t\t\t\t\t<\/div>\n\t\t\t\t<\/div>\n\t\t<div class=\"elementor-element elementor-element-a0a913b e-flex e-con-boxed e-con e-parent\" data-id=\"a0a913b\" data-element_type=\"container\" data-e-type=\"container\">\n\t\t\t\t\t<div class=\"e-con-inner\">\n\t\t\t\t<div class=\"elementor-element elementor-element-b49d772 elementor-widget-divider--view-line elementor-widget elementor-widget-divider\" data-id=\"b49d772\" data-element_type=\"widget\" data-e-type=\"widget\" data-widget_type=\"divider.default\">\n\t\t\t\t\t\t\t<div class=\"elementor-divider\">\n\t\t\t<span class=\"elementor-divider-separator\">\n\t\t\t\t\t\t<\/span>\n\t\t<\/div>\n\t\t\t\t\t\t<\/div>\n\t\t\t\t\t<\/div>\n\t\t\t\t<\/div>\n\t\t\t\t<\/div>","protected":false},"excerpt":{"rendered":"<p>Prohl\u00e1\u0161en\u00ed o&nbsp;p\u0159\u00edstupnosti Prohl\u00e1\u0161en\u00ed o&nbsp;p\u0159\u00edstupnosti \u00dastav zem\u011bd\u011blsk\u00e9 ekonomiky a&nbsp;informac\u00ed se&nbsp;zavazuje k&nbsp;zp\u0159\u00edstupn\u011bn\u00ed sv\u00e9 internetov\u00e9 str\u00e1nky www.fadn.cz v&nbsp;souladu se&nbsp;z\u00e1konem \u010d.&nbsp;99\/2019 Sb., o&nbsp;p\u0159\u00edstupnosti internetov\u00fdch str\u00e1nek a&nbsp;mobiln\u00edch aplikac\u00ed a&nbsp;o&nbsp;zm\u011bn\u011b z\u00e1kona \u010d.&nbsp;365\/2000 Sb., o&nbsp;informa\u010dn\u00edch syst\u00e9mech ve\u0159ejn\u00e9 spr\u00e1vy a&nbsp;o&nbsp;zm\u011bn\u011b n\u011bkter\u00fdch dal\u0161\u00edch z\u00e1kon\u016f, ve&nbsp;zn\u011bn\u00ed pozd\u011bj\u0161\u00edch p\u0159edpis\u016f, kter\u00fd prov\u00e1d\u00ed Sm\u011brnici Evropsk\u00e9ho parlamentu a&nbsp;Rady (EU) 2016\/2102 ze dne 26.&nbsp;\u0159\u00edjna 2016 o&nbsp;p\u0159\u00edstupnosti internetov\u00fdch str\u00e1nek a&nbsp;mobiln\u00edch aplikac\u00ed. [&hellip;]<\/p>","protected":false},"author":5,"featured_media":0,"parent":0,"menu_order":100,"comment_status":"closed","ping_status":"closed","template":"","meta":{"site-sidebar-layout":"no-sidebar","site-content-layout":"page-builder","ast-site-content-layout":"full-width-container","site-content-style":"default","site-sidebar-style":"default","ast-global-header-display":"","ast-banner-title-visibility":"","ast-main-header-display":"","ast-hfb-above-header-display":"","ast-hfb-below-header-display":"","ast-hfb-mobile-header-display":"","site-post-title":"disabled","ast-breadcrumbs-content":"","ast-featured-img":"disabled","footer-sml-layout":"","ast-disable-related-posts":"","theme-transparent-header-meta":"","adv-header-id-meta":"","stick-header-meta":"","header-above-stick-meta":"","header-main-stick-meta":"","header-below-stick-meta":"","astra-migrate-meta-layouts":"set","ast-page-background-enabled":"default","ast-page-background-meta":{"desktop":{"background-color":"var(--ast-global-color-4)","background-image":"","background-repeat":"repeat","background-position":"center center","background-size":"auto","background-attachment":"scroll","background-type":"","background-media":"","overlay-type":"","overlay-color":"","overlay-opacity":"","overlay-gradient":""},"tablet":{"background-color":"","background-image":"","background-repeat":"repeat","background-position":"center center","background-size":"auto","background-attachment":"scroll","background-type":"","background-media":"","overlay-type":"","overlay-color":"","overlay-opacity":"","overlay-gradient":""},"mobile":{"background-color":"","background-image":"","background-repeat":"repeat","background-position":"center center","background-size":"auto","background-attachment":"scroll","background-type":"","background-media":"","overlay-type":"","overlay-color":"","overlay-opacity":"","overlay-gradient":""}},"ast-content-background-meta":{"desktop":{"background-color":"var(--ast-global-color-5)","background-image":"","background-repeat":"repeat","background-position":"center center","background-size":"auto","background-attachment":"scroll","background-type":"","background-media":"","overlay-type":"","overlay-color":"","overlay-opacity":"","overlay-gradient":""},"tablet":{"background-color":"var(--ast-global-color-5)","background-image":"","background-repeat":"repeat","background-position":"center center","background-size":"auto","background-attachment":"scroll","background-type":"","background-media":"","overlay-type":"","overlay-color":"","overlay-opacity":"","overlay-gradient":""},"mobile":{"background-color":"var(--ast-global-color-5)","background-image":"","background-repeat":"repeat","background-position":"center center","background-size":"auto","background-attachment":"scroll","background-type":"","background-media":"","overlay-type":"","overlay-color":"","overlay-opacity":"","overlay-gradient":""}},"footnotes":""},"class_list":["post-9594","page","type-page","status-publish","hentry"],"yoast_head":"<!-- This site is optimized with the Yoast SEO plugin v26.9 - https:\/\/yoast.com\/product\/yoast-seo-wordpress\/ -->\n<title>webov\u00e9 str\u00e1nky FADN Prohl\u00e1\u0161en\u00ed o p\u0159\u00edstupnosti<\/title>\n<meta name=\"description\" content=\"webov\u00e9 str\u00e1nky FADN Prohl\u00e1\u0161en\u00ed o p\u0159\u00edstupnosti\" \/>\n<meta name=\"robots\" content=\"index, follow, max-snippet:-1, max-image-preview:large, max-video-preview:-1\" \/>\n<link rel=\"canonical\" href=\"https:\/\/fadn.cz\/en\/prohlaseni-o-pristupnosti\/\" \/>\n<meta property=\"og:locale\" content=\"en_GB\" \/>\n<meta property=\"og:type\" content=\"article\" \/>\n<meta property=\"og:title\" content=\"webov\u00e9 str\u00e1nky FADN Prohl\u00e1\u0161en\u00ed o p\u0159\u00edstupnosti\" \/>\n<meta property=\"og:description\" content=\"webov\u00e9 str\u00e1nky FADN Prohl\u00e1\u0161en\u00ed o p\u0159\u00edstupnosti\" \/>\n<meta property=\"og:url\" content=\"https:\/\/fadn.cz\/en\/prohlaseni-o-pristupnosti\/\" \/>\n<meta property=\"og:site_name\" content=\"FADN\" \/>\n<meta property=\"article:publisher\" content=\"https:\/\/www.facebook.com\/fadncz\" \/>\n<meta property=\"article:modified_time\" content=\"2024-05-15T10:40:08+00:00\" \/>\n<meta name=\"twitter:card\" content=\"summary_large_image\" \/>\n<meta name=\"twitter:label1\" content=\"Estimated reading time\" \/>\n\t<meta name=\"twitter:data1\" content=\"3 minutes\" \/>\n<script type=\"application\/ld+json\" class=\"yoast-schema-graph\">{\"@context\":\"https:\/\/schema.org\",\"@graph\":[{\"@type\":[\"WebPage\",\"AboutPage\"],\"@id\":\"https:\/\/fadn.cz\/cz\/prohlaseni-o-pristupnosti\/\",\"url\":\"https:\/\/fadn.cz\/cz\/prohlaseni-o-pristupnosti\/\",\"name\":\"webov\u00e9 str\u00e1nky FADN Prohl\u00e1\u0161en\u00ed o p\u0159\u00edstupnosti\",\"isPartOf\":{\"@id\":\"https:\/\/fadn.cz\/cz\/#website\"},\"datePublished\":\"2024-01-23T11:26:21+00:00\",\"dateModified\":\"2024-05-15T10:40:08+00:00\",\"description\":\"webov\u00e9 str\u00e1nky FADN Prohl\u00e1\u0161en\u00ed o p\u0159\u00edstupnosti\",\"breadcrumb\":{\"@id\":\"https:\/\/fadn.cz\/cz\/prohlaseni-o-pristupnosti\/#breadcrumb\"},\"inLanguage\":\"en-GB\",\"potentialAction\":[{\"@type\":\"ReadAction\",\"target\":[\"https:\/\/fadn.cz\/cz\/prohlaseni-o-pristupnosti\/\"]}]},{\"@type\":\"BreadcrumbList\",\"@id\":\"https:\/\/fadn.cz\/cz\/prohlaseni-o-pristupnosti\/#breadcrumb\",\"itemListElement\":[{\"@type\":\"ListItem\",\"position\":1,\"name\":\"Dom\u016f\",\"item\":\"https:\/\/fadn.cz\/\"},{\"@type\":\"ListItem\",\"position\":2,\"name\":\"PROHL\u00c1\u0160EN\u00cd O P\u0158\u00cdSTUPNOSTI\"}]},{\"@type\":\"WebSite\",\"@id\":\"https:\/\/fadn.cz\/cz\/#website\",\"url\":\"https:\/\/fadn.cz\/cz\/\",\"name\":\"Zem\u011bd\u011blsk\u00e1 \u00fa\u010detn\u00ed datov\u00e1 s\u00ed\u0165 FADN\",\"description\":\"Zem\u011bd\u011blsk\u00e1 \u00fa\u010detn\u00ed datov\u00e1 s\u00ed\u0165 \u010cR\",\"publisher\":{\"@id\":\"https:\/\/fadn.cz\/cz\/#organization\"},\"potentialAction\":[{\"@type\":\"SearchAction\",\"target\":{\"@type\":\"EntryPoint\",\"urlTemplate\":\"https:\/\/fadn.cz\/cz\/?s={search_term_string}\"},\"query-input\":{\"@type\":\"PropertyValueSpecification\",\"valueRequired\":true,\"valueName\":\"search_term_string\"}}],\"inLanguage\":\"en-GB\"},{\"@type\":\"Organization\",\"@id\":\"https:\/\/fadn.cz\/cz\/#organization\",\"name\":\"Zem\u011bd\u011blsk\u00e1 \u00fa\u010detn\u00ed datov\u00e1 s\u00ed\u0165 FADN\",\"url\":\"https:\/\/fadn.cz\/cz\/\",\"logo\":{\"@type\":\"ImageObject\",\"inLanguage\":\"en-GB\",\"@id\":\"https:\/\/fadn.cz\/cz\/#\/schema\/logo\/image\/\",\"url\":\"https:\/\/fadn.cz\/wp-content\/uploads\/2022\/11\/logo_FADN_ONLY_web.svg\",\"contentUrl\":\"https:\/\/fadn.cz\/wp-content\/uploads\/2022\/11\/logo_FADN_ONLY_web.svg\",\"width\":585,\"height\":157,\"caption\":\"Zem\u011bd\u011blsk\u00e1 \u00fa\u010detn\u00ed datov\u00e1 s\u00ed\u0165 FADN\"},\"image\":{\"@id\":\"https:\/\/fadn.cz\/cz\/#\/schema\/logo\/image\/\"},\"sameAs\":[\"https:\/\/www.facebook.com\/fadncz\",\"https:\/\/www.youtube.com\/channel\/UC1Y8WuJH_NjjqNN1VgPXxuA\",\"https:\/\/www.instagram.com\/fadncz\"]}]}<\/script>\n<!-- \/ Yoast SEO plugin. -->","yoast_head_json":{"title":"webov\u00e9 str\u00e1nky FADN Prohl\u00e1\u0161en\u00ed o p\u0159\u00edstupnosti","description":"webov\u00e9 str\u00e1nky FADN Prohl\u00e1\u0161en\u00ed o p\u0159\u00edstupnosti","robots":{"index":"index","follow":"follow","max-snippet":"max-snippet:-1","max-image-preview":"max-image-preview:large","max-video-preview":"max-video-preview:-1"},"canonical":"https:\/\/fadn.cz\/en\/prohlaseni-o-pristupnosti\/","og_locale":"en_GB","og_type":"article","og_title":"webov\u00e9 str\u00e1nky FADN Prohl\u00e1\u0161en\u00ed o p\u0159\u00edstupnosti","og_description":"webov\u00e9 str\u00e1nky FADN Prohl\u00e1\u0161en\u00ed o p\u0159\u00edstupnosti","og_url":"https:\/\/fadn.cz\/en\/prohlaseni-o-pristupnosti\/","og_site_name":"FADN","article_publisher":"https:\/\/www.facebook.com\/fadncz","article_modified_time":"2024-05-15T10:40:08+00:00","twitter_card":"summary_large_image","twitter_misc":{"Estimated reading time":"3 minutes"},"schema":{"@context":"https:\/\/schema.org","@graph":[{"@type":["WebPage","AboutPage"],"@id":"https:\/\/fadn.cz\/cz\/prohlaseni-o-pristupnosti\/","url":"https:\/\/fadn.cz\/cz\/prohlaseni-o-pristupnosti\/","name":"webov\u00e9 str\u00e1nky FADN Prohl\u00e1\u0161en\u00ed o p\u0159\u00edstupnosti","isPartOf":{"@id":"https:\/\/fadn.cz\/cz\/#website"},"datePublished":"2024-01-23T11:26:21+00:00","dateModified":"2024-05-15T10:40:08+00:00","description":"webov\u00e9 str\u00e1nky FADN Prohl\u00e1\u0161en\u00ed o p\u0159\u00edstupnosti","breadcrumb":{"@id":"https:\/\/fadn.cz\/cz\/prohlaseni-o-pristupnosti\/#breadcrumb"},"inLanguage":"en-GB","potentialAction":[{"@type":"ReadAction","target":["https:\/\/fadn.cz\/cz\/prohlaseni-o-pristupnosti\/"]}]},{"@type":"BreadcrumbList","@id":"https:\/\/fadn.cz\/cz\/prohlaseni-o-pristupnosti\/#breadcrumb","itemListElement":[{"@type":"ListItem","position":1,"name":"Dom\u016f","item":"https:\/\/fadn.cz\/"},{"@type":"ListItem","position":2,"name":"PROHL\u00c1\u0160EN\u00cd O P\u0158\u00cdSTUPNOSTI"}]},{"@type":"WebSite","@id":"https:\/\/fadn.cz\/cz\/#website","url":"https:\/\/fadn.cz\/cz\/","name":"Zem\u011bd\u011blsk\u00e1 \u00fa\u010detn\u00ed datov\u00e1 s\u00ed\u0165 FADN","description":"Zem\u011bd\u011blsk\u00e1 \u00fa\u010detn\u00ed datov\u00e1 s\u00ed\u0165 \u010cR","publisher":{"@id":"https:\/\/fadn.cz\/cz\/#organization"},"potentialAction":[{"@type":"SearchAction","target":{"@type":"EntryPoint","urlTemplate":"https:\/\/fadn.cz\/cz\/?s={search_term_string}"},"query-input":{"@type":"PropertyValueSpecification","valueRequired":true,"valueName":"search_term_string"}}],"inLanguage":"en-GB"},{"@type":"Organization","@id":"https:\/\/fadn.cz\/cz\/#organization","name":"Zem\u011bd\u011blsk\u00e1 \u00fa\u010detn\u00ed datov\u00e1 s\u00ed\u0165 FADN","url":"https:\/\/fadn.cz\/cz\/","logo":{"@type":"ImageObject","inLanguage":"en-GB","@id":"https:\/\/fadn.cz\/cz\/#\/schema\/logo\/image\/","url":"https:\/\/fadn.cz\/wp-content\/uploads\/2022\/11\/logo_FADN_ONLY_web.svg","contentUrl":"https:\/\/fadn.cz\/wp-content\/uploads\/2022\/11\/logo_FADN_ONLY_web.svg","width":585,"height":157,"caption":"Zem\u011bd\u011blsk\u00e1 \u00fa\u010detn\u00ed datov\u00e1 s\u00ed\u0165 FADN"},"image":{"@id":"https:\/\/fadn.cz\/cz\/#\/schema\/logo\/image\/"},"sameAs":["https:\/\/www.facebook.com\/fadncz","https:\/\/www.youtube.com\/channel\/UC1Y8WuJH_NjjqNN1VgPXxuA","https:\/\/www.instagram.com\/fadncz"]}]}},"_links":{"self":[{"href":"https:\/\/fadn.cz\/en\/wp-json\/wp\/v2\/pages\/9594","targetHints":{"allow":["GET"]}}],"collection":[{"href":"https:\/\/fadn.cz\/en\/wp-json\/wp\/v2\/pages"}],"about":[{"href":"https:\/\/fadn.cz\/en\/wp-json\/wp\/v2\/types\/page"}],"author":[{"embeddable":true,"href":"https:\/\/fadn.cz\/en\/wp-json\/wp\/v2\/users\/5"}],"replies":[{"embeddable":true,"href":"https:\/\/fadn.cz\/en\/wp-json\/wp\/v2\/comments?post=9594"}],"version-history":[{"count":26,"href":"https:\/\/fadn.cz\/en\/wp-json\/wp\/v2\/pages\/9594\/revisions"}],"predecessor-version":[{"id":10566,"href":"https:\/\/fadn.cz\/en\/wp-json\/wp\/v2\/pages\/9594\/revisions\/10566"}],"wp:attachment":[{"href":"https:\/\/fadn.cz\/en\/wp-json\/wp\/v2\/media?parent=9594"}],"curies":[{"name":"wp","href":"https:\/\/api.w.org\/{rel}","templated":true}]}}