{"id":9594,"date":"2024-01-23T12:26:21","date_gmt":"2024-01-23T11:26:21","guid":{"rendered":"https:\/\/fadn.cz\/?page_id=9594"},"modified":"2024-05-15T12:40:08","modified_gmt":"2024-05-15T10:40:08","slug":"prohlaseni-o-pristupnosti","status":"publish","type":"page","link":"https:\/\/fadn.cz\/cz\/prohlaseni-o-pristupnosti\/","title":{"rendered":"PROHL\u00c1\u0160EN\u00cd O&nbsp;P\u0158\u00cdSTUPNOSTI"},"content":{"rendered":"\t\t<div data-elementor-type=\"wp-page\" data-elementor-id=\"9594\" class=\"elementor elementor-9594\">\n\t\t\t\t<div class=\"elementor-element elementor-element-2645866 e-flex e-con-boxed e-con e-parent\" data-id=\"2645866\" data-element_type=\"container\" data-e-type=\"container\">\n\t\t\t\t\t<div class=\"e-con-inner\">\n\t\t\t\t<div class=\"elementor-element elementor-element-489d999 elementor-widget-divider--view-line elementor-widget elementor-widget-divider\" data-id=\"489d999\" data-element_type=\"widget\" data-e-type=\"widget\" data-widget_type=\"divider.default\">\n\t\t\t\t\t\t\t<div class=\"elementor-divider\">\n\t\t\t<span class=\"elementor-divider-separator\">\n\t\t\t\t\t\t<\/span>\n\t\t<\/div>\n\t\t\t\t\t\t<\/div>\n\t\t\t\t\t<\/div>\n\t\t\t\t<\/div>\n\t\t<div class=\"elementor-element elementor-element-5fc4039 e-flex e-con-boxed e-con e-parent\" data-id=\"5fc4039\" data-element_type=\"container\" data-e-type=\"container\">\n\t\t\t\t\t<div class=\"e-con-inner\">\n\t\t\t\t<div class=\"elementor-element elementor-element-a5fec21 elementor-widget elementor-widget-heading\" data-id=\"a5fec21\" data-element_type=\"widget\" data-e-type=\"widget\" data-widget_type=\"heading.default\">\n\t\t\t\t\t<h1 class=\"elementor-heading-title elementor-size-default\">Prohl\u00e1\u0161en\u00ed o&nbsp;p\u0159\u00edstupnosti<\/h1>\t\t\t\t<\/div>\n\t\t\t\t\t<\/div>\n\t\t\t\t<\/div>\n\t\t<div class=\"elementor-element elementor-element-7ca3330 e-flex e-con-boxed e-con e-parent\" data-id=\"7ca3330\" data-element_type=\"container\" data-e-type=\"container\">\n\t\t\t\t\t<div class=\"e-con-inner\">\n\t\t\t\t<div class=\"elementor-element elementor-element-92fd034 elementor-widget-divider--view-line elementor-widget elementor-widget-divider\" data-id=\"92fd034\" data-element_type=\"widget\" data-e-type=\"widget\" data-widget_type=\"divider.default\">\n\t\t\t\t\t\t\t<div class=\"elementor-divider\">\n\t\t\t<span class=\"elementor-divider-separator\">\n\t\t\t\t\t\t<\/span>\n\t\t<\/div>\n\t\t\t\t\t\t<\/div>\n\t\t\t\t\t<\/div>\n\t\t\t\t<\/div>\n\t\t<div class=\"elementor-element elementor-element-2ce3733 e-flex e-con-boxed e-con e-parent\" data-id=\"2ce3733\" data-element_type=\"container\" data-e-type=\"container\">\n\t\t\t\t\t<div class=\"e-con-inner\">\n\t\t\t\t<div class=\"elementor-element elementor-element-217195e elementor-widget elementor-widget-text-editor\" data-id=\"217195e\" data-element_type=\"widget\" data-e-type=\"widget\" data-widget_type=\"text-editor.default\">\n\t\t\t\t\t\t\t\t\t<div class=\"content\"><div class=\"page__body\"><h5><span style=\"color: #000000;\">Prohl\u00e1\u0161en\u00ed o&nbsp;p\u0159\u00edstupnosti<\/span><\/h5><p><span style=\"color: #000000;\">\u00dastav zem\u011bd\u011blsk\u00e9 ekonomiky a&nbsp;informac\u00ed se&nbsp;zavazuje k&nbsp;zp\u0159\u00edstupn\u011bn\u00ed sv\u00e9 internetov\u00e9 str\u00e1nky <a style=\"color: #000000;\" href=\"https:\/\/fadn.cz\">www.fadn.cz<\/a> v&nbsp;souladu se&nbsp;z\u00e1konem \u010d.&nbsp;99\/2019 Sb., o&nbsp;p\u0159\u00edstupnosti internetov\u00fdch str\u00e1nek a&nbsp;mobiln\u00edch aplikac\u00ed a&nbsp;o&nbsp;zm\u011bn\u011b z\u00e1kona \u010d.&nbsp;365\/2000 Sb., o&nbsp;informa\u010dn\u00edch syst\u00e9mech ve\u0159ejn\u00e9 spr\u00e1vy a&nbsp;o&nbsp;zm\u011bn\u011b n\u011bkter\u00fdch dal\u0161\u00edch z\u00e1kon\u016f, ve&nbsp;zn\u011bn\u00ed pozd\u011bj\u0161\u00edch p\u0159edpis\u016f, kter\u00fd prov\u00e1d\u00ed Sm\u011brnici Evropsk\u00e9ho parlamentu a&nbsp;Rady (EU) 2016\/2102 ze dne 26.&nbsp;\u0159\u00edjna 2016 o&nbsp;p\u0159\u00edstupnosti internetov\u00fdch str\u00e1nek a&nbsp;mobiln\u00edch aplikac\u00ed.<\/span><\/p><p><span style=\"color: #000000;\">Toto prohl\u00e1\u0161en\u00ed o&nbsp;p\u0159\u00edstupnosti se&nbsp;vztahuje na&nbsp;internetovou str\u00e1nku <a style=\"color: #000000;\" href=\"https:\/\/fadn.cz\">https:\/\/www.fadn.cz\/<\/a><\/span><\/p><p><strong><span style=\"color: #000000;\">Stav souladu<\/span><\/strong><br \/><span style=\"color: #000000;\">Tato internetov\u00e1 str\u00e1nka je \u010d\u00e1ste\u010dn\u011b v&nbsp;souladu se&nbsp;z\u00e1konem \u010d.&nbsp;99\/2019 Sb., o&nbsp;p\u0159\u00edstupnosti internetov\u00fdch str\u00e1nek a&nbsp;mobiln\u00edch aplikac\u00ed a&nbsp;o&nbsp;zm\u011bn\u011b z\u00e1kona \u010d.&nbsp;365\/2000 Sb., o&nbsp;informa\u010dn\u00edch syst\u00e9mech ve\u0159ejn\u00e9 spr\u00e1vy a&nbsp;o&nbsp;zm\u011bn\u011b n\u011bkter\u00fdch dal\u0161\u00edch z\u00e1kon\u016f, ve&nbsp;zn\u011bn\u00ed pozd\u011bj\u0161\u00edch p\u0159edpis\u016f, z&nbsp;d\u016fvodu nedostate\u010dn\u011b p\u0159\u00edstupn\u00e9ho obsahu anebo v\u00fdjimek uveden\u00fdch n\u00ed\u017ee<\/span><\/p><div><strong><span style=\"color: #000000;\">Principy p\u0159\u00edstupnosti webu FADN:<\/span><\/strong><\/div><div>\u00a0<\/div><div><span style=\"color: #000000;\">1. Vn\u00edmatelnost: 1.1 Textov\u00e9 alternativy: AA<\/span><\/div><div>\u00a0<\/div><div><span style=\"color: #000000;\">\u00a0 \u00a0 \u00a0 \u00a0 \u00a0 \u00a0 \u00a0 \u00a0 \u00a0 \u00a0 \u00a0 \u00a0 \u00a0 \u00a01.2 Multimedi\u00e1ln\u00ed prvky z\u00e1visej\u00edc\u00ed na&nbsp;\u010dase: AA<\/span><\/div><div>\u00a0<\/div><div><span style=\"color: #000000;\">\u00a0 \u00a0 \u00a0 \u00a0 \u00a0 \u00a0 \u00a0 \u00a0 \u00a0 \u00a0 \u00a0 \u00a0 \u00a0 \u00a01.3 P\u0159izp\u016fsobiteln\u00e9: AAA<\/span><\/div><div>\u00a0<\/div><div><span style=\"color: #000000;\">\u00a0 \u00a0 \u00a0 \u00a0 \u00a0 \u00a0 \u00a0 \u00a0 \u00a0 \u00a0 \u00a0 \u00a0 \u00a0 \u00a01.4 Rozli\u0161iteln\u00e9: AAA<\/span><\/div><div>\u00a0<\/div><div><span style=\"color: #000000;\">2. Ovladatelnost: 2.1 P\u0159\u00edstupnost z&nbsp;kl\u00e1vesnice: AAA<\/span><\/div><div>\u00a0<\/div><div><span style=\"color: #000000;\">\u00a0 \u00a0 \u00a0 \u00a0 \u00a0 \u00a0 \u00a0 \u00a0 \u00a0 \u00a0 \u00a0 \u00a0 \u00a0 \u00a0 2.2 Dostatek \u010dasu: AAA<\/span><\/div><div>\u00a0<\/div><div><span style=\"color: #000000;\">\u00a0 \u00a0 \u00a0 \u00a0 \u00a0 \u00a0 \u00a0 \u00a0 \u00a0 \u00a0 \u00a0 \u00a0 \u00a0 \u00a0 2.3 Z\u00e1chvaty a&nbsp;fyzick\u00e9 reakce: AAA<\/span><\/div><div>\u00a0<\/div><div><span style=\"color: #000000;\">\u00a0 \u00a0 \u00a0 \u00a0 \u00a0 \u00a0 \u00a0 \u00a0 \u00a0 \u00a0 \u00a0 \u00a0 \u00a0 \u00a0 2.4 Snadn\u00e1 navigace: AAA<\/span><\/div><div>\u00a0<\/div><div><span style=\"color: #000000;\">\u00a0 \u00a0 \u00a0 \u00a0 \u00a0 \u00a0 \u00a0 \u00a0 \u00a0 \u00a0 \u00a0 \u00a0 \u00a0 \u00a0 2.5 Vstupn\u00ed metody: AAA<\/span><\/div><div>\u00a0<\/div><div><span style=\"color: #000000;\">3. Srozumitelnost: 3.1 \u010citeln\u00e9: AAA<\/span><\/div><div>\u00a0<\/div><div><span style=\"color: #000000;\">\u00a0 \u00a0 \u00a0 \u00a0 \u00a0 \u00a0 \u00a0 \u00a0 \u00a0 \u00a0 \u00a0 \u00a0 \u00a0 \u00a0 \u00a0 3.2 Intuitivn\u00ed: AAA<\/span><\/div><div>\u00a0<\/div><div><span style=\"color: #000000;\">\u00a0 \u00a0 \u00a0 \u00a0 \u00a0 \u00a0 \u00a0 \u00a0 \u00a0 \u00a0 \u00a0 \u00a0 \u00a0 \u00a0 \u00a0 3.3 Pomoc p\u0159i&nbsp;zad\u00e1v\u00e1n\u00ed: AA<\/span><\/div><div>\u00a0<\/div><div><span style=\"color: #000000;\">4. Stabilita: 4.1 Kompatibiln\u00ed: AAA<\/span><\/div><div>\u00a0<\/div><div>\u00a0<\/div><div><span style=\"color: #000000;\">Celkov\u00e9 hodnocen\u00ed: AAA<\/span><\/div><div><span style=\"color: #000000;\">\u00a0<\/span><\/div><p><strong><span style=\"color: #000000;\">Vypracov\u00e1n\u00ed tohoto prohl\u00e1\u0161en\u00ed o&nbsp;p\u0159\u00edstupnosti<\/span><\/strong><br \/><span style=\"color: #000000;\">Prohl\u00e1\u0161en\u00ed o&nbsp;p\u0159\u00edstupnosti bylo vypracov\u00e1no dne 23.&nbsp;01.&nbsp;2024<\/span><\/p><p><span style=\"color: #000000;\">Pro vypracov\u00e1n\u00ed tohoto prohl\u00e1\u0161en\u00ed byla pou\u017eita metoda vlastn\u00edho posouzen\u00ed proveden\u00e9ho \u00dastavem zem\u011bd\u011blsk\u00e9 ekonomiky a&nbsp;informac\u00ed<\/span><\/p><p><strong><span style=\"color: #000000;\">Zp\u011btn\u00e1 vazba a&nbsp;kontaktn\u00ed \u00fadaje<\/span><\/strong><br \/><span style=\"color: #000000;\">St\u00e1le pracujeme na&nbsp;tom, aby byly tyto str\u00e1nky bez probl\u00e9m\u016f p\u0159\u00edstupn\u00e9 v\u0161em u\u017eivatel\u016fm. Pokud naraz\u00edte na&nbsp;jak\u00fdkoli probl\u00e9m, dejte n\u00e1m pros\u00edm v\u011bd\u011bt. Pro&nbsp;sd\u011blen\u00ed n\u00e1m\u011bt\u016f, post\u0159eh\u016f \u010di&nbsp;informac\u00ed o&nbsp;probl\u00e9mech se&nbsp;zobrazov\u00e1n\u00edm t\u011bchto str\u00e1nek pros\u00edm vyu\u017eijte e-mail <a style=\"color: #000000;\" href=\"fadn@fadn.cz\">fadn@fadn.cz<\/a>.<\/span><\/p><p><strong><span style=\"color: #000000;\">Postupy pro&nbsp;prosazov\u00e1n\u00ed pr\u00e1va<\/span><\/strong><br \/><span style=\"color: #000000;\">V p\u0159\u00edpad\u011b neuspokojiv\u00e9 odpov\u011bdi na&nbsp;ozn\u00e1men\u00ed nebo \u017e\u00e1dost zaslanou v&nbsp;souladu s&nbsp;\u010dl. 7 odst. 1 p\u00edsm. b) sm\u011brnice o&nbsp;p\u0159\u00edstupnosti internetov\u00fdch str\u00e1nek a&nbsp;mobiln\u00edch aplikac\u00ed kontaktujte p\u0159\u00edslu\u0161n\u00fd org\u00e1n pro&nbsp;prosazov\u00e1n\u00ed pr\u00e1va:<\/span><\/p><p><span style=\"color: #000000;\">Digit\u00e1ln\u00ed a&nbsp;informa\u010dn\u00ed agentura<\/span><br \/><span style=\"color: #000000;\">Na V\u00e1pence 915\/14<\/span><br \/><span style=\"color: #000000;\">Praha 3<\/span><br \/><span style=\"color: #000000;\">email: <a style=\"color: #000000;\" href=\"mailto:pristupnost@dia.gov.cz\">pristupnost@dia.gov.cz<\/a><\/span><br \/><span style=\"color: #000000;\">\u00a0<\/span><\/p><h5><span style=\"color: #000000;\">Informace o&nbsp;cookies a&nbsp;jejich nastaven\u00ed<\/span><\/h5><p><strong><span style=\"color: #000000;\">Cookies<\/span><\/strong><br \/><span style=\"color: #000000;\">Pro spr\u00e1vnou funkci str\u00e1nek je n\u011bkdy nezbytn\u00e9 um\u00edstit mal\u00e9 datov\u00e9 soubory, ozna\u010dovan\u00e9 jako cookies, na&nbsp;va\u0161e za\u0159\u00edzen\u00ed.<\/span><\/p><p><strong><span style=\"color: #000000;\">Co jsou cookies?<\/span><\/strong><br \/><span style=\"color: #000000;\">Cookies jsou mal\u00e9 textov\u00e9 soubory, kter\u00e9 internetov\u00e9 str\u00e1nky ukl\u00e1daj\u00ed na&nbsp;v\u00e1\u0161 po\u010d\u00edta\u010d nebo mobiln\u00ed za\u0159\u00edzen\u00ed v&nbsp;okam\u017eiku, kdy tyto str\u00e1nky za\u010dnete vyu\u017e\u00edvat. Str\u00e1nky si&nbsp;tak na&nbsp;ur\u010ditou dobu zapamatuj\u00ed va\u0161e preference a&nbsp;\u00fakony, kter\u00e9 jste na&nbsp;nich provedli (nap\u0159.&nbsp;p\u0159ihla\u0161ovac\u00ed \u00fadaje, jazyk, velikost p\u00edsma a&nbsp;jin\u00e9 zobrazovac\u00ed preference), tak\u017ee tyto \u00fadaje pak nemus\u00edte zad\u00e1vat znovu a&nbsp;p\u0159eskakovat z&nbsp;jedn\u00e9 str\u00e1nky na&nbsp;druhou.<\/span><\/p><p><strong><span style=\"color: #000000;\">Kter\u00e9 cookies web pou\u017e\u00edv\u00e1?<\/span><\/strong><br \/><span style=\"color: #000000;\">Google Analytics pro&nbsp;anal\u00fdzu n\u00e1v\u0161t\u011bvnosti. O&nbsp;podm\u00ednk\u00e1ch u\u017eit\u00ed Google Analytics se&nbsp;m\u016f\u017eete do\u010d\u00edst na&nbsp;webu Google developers.<\/span><\/p><p><strong><span style=\"color: #000000;\">Nastaven\u00ed souhlas\u016f s&nbsp;cookies<\/span><\/strong><br \/><span style=\"color: #000000;\">P\u0159i va\u0161ich n\u00e1v\u0161t\u011bv\u00e1ch pou\u017e\u00edv\u00e1me n\u00ed\u017ee uveden\u00e9 typy cookies. Vy n\u00e1m ud\u011blujete souhlas k&nbsp;pou\u017eit\u00edm v\u0161ech, nebo jen vybran\u00fdch typ\u016f. Va\u0161e d\u0159\u00edve ud\u011blen\u00e9 souhlasy zde m\u016f\u017eete upravit.<\/span><\/p><\/div><\/div>\t\t\t\t\t\t\t\t<\/div>\n\t\t\t\t\t<\/div>\n\t\t\t\t<\/div>\n\t\t<div class=\"elementor-element elementor-element-a0a913b e-flex e-con-boxed e-con e-parent\" data-id=\"a0a913b\" data-element_type=\"container\" data-e-type=\"container\">\n\t\t\t\t\t<div class=\"e-con-inner\">\n\t\t\t\t<div class=\"elementor-element elementor-element-b49d772 elementor-widget-divider--view-line elementor-widget elementor-widget-divider\" data-id=\"b49d772\" data-element_type=\"widget\" data-e-type=\"widget\" data-widget_type=\"divider.default\">\n\t\t\t\t\t\t\t<div class=\"elementor-divider\">\n\t\t\t<span class=\"elementor-divider-separator\">\n\t\t\t\t\t\t<\/span>\n\t\t<\/div>\n\t\t\t\t\t\t<\/div>\n\t\t\t\t\t<\/div>\n\t\t\t\t<\/div>\n\t\t\t\t<\/div>\n\t\t","protected":false},"excerpt":{"rendered":"<p>Prohl\u00e1\u0161en\u00ed o&nbsp;p\u0159\u00edstupnosti Prohl\u00e1\u0161en\u00ed o&nbsp;p\u0159\u00edstupnosti \u00dastav zem\u011bd\u011blsk\u00e9 ekonomiky a&nbsp;informac\u00ed se&nbsp;zavazuje k&nbsp;zp\u0159\u00edstupn\u011bn\u00ed sv\u00e9 internetov\u00e9 str\u00e1nky www.fadn.cz v&nbsp;souladu se&nbsp;z\u00e1konem \u010d.&nbsp;99\/2019 Sb., o&nbsp;p\u0159\u00edstupnosti internetov\u00fdch str\u00e1nek a&nbsp;mobiln\u00edch aplikac\u00ed a&nbsp;o&nbsp;zm\u011bn\u011b z\u00e1kona \u010d.&nbsp;365\/2000 Sb., o&nbsp;informa\u010dn\u00edch syst\u00e9mech ve\u0159ejn\u00e9 spr\u00e1vy a&nbsp;o&nbsp;zm\u011bn\u011b n\u011bkter\u00fdch dal\u0161\u00edch z\u00e1kon\u016f, ve&nbsp;zn\u011bn\u00ed pozd\u011bj\u0161\u00edch p\u0159edpis\u016f, kter\u00fd prov\u00e1d\u00ed Sm\u011brnici Evropsk\u00e9ho parlamentu a&nbsp;Rady (EU) 2016\/2102 ze dne 26.&nbsp;\u0159\u00edjna 2016 o&nbsp;p\u0159\u00edstupnosti internetov\u00fdch str\u00e1nek a&nbsp;mobiln\u00edch aplikac\u00ed. [&hellip;]<\/p>\n","protected":false},"author":5,"featured_media":0,"parent":0,"menu_order":100,"comment_status":"closed","ping_status":"closed","template":"","meta":{"site-sidebar-layout":"no-sidebar","site-content-layout":"page-builder","ast-site-content-layout":"full-width-container","site-content-style":"default","site-sidebar-style":"default","ast-global-header-display":"","ast-banner-title-visibility":"","ast-main-header-display":"","ast-hfb-above-header-display":"","ast-hfb-below-header-display":"","ast-hfb-mobile-header-display":"","site-post-title":"disabled","ast-breadcrumbs-content":"","ast-featured-img":"disabled","footer-sml-layout":"","ast-disable-related-posts":"","theme-transparent-header-meta":"","adv-header-id-meta":"","stick-header-meta":"","header-above-stick-meta":"","header-main-stick-meta":"","header-below-stick-meta":"","astra-migrate-meta-layouts":"set","ast-page-background-enabled":"default","ast-page-background-meta":{"desktop":{"background-color":"var(--ast-global-color-4)","background-image":"","background-repeat":"repeat","background-position":"center center","background-size":"auto","background-attachment":"scroll","background-type":"","background-media":"","overlay-type":"","overlay-color":"","overlay-opacity":"","overlay-gradient":""},"tablet":{"background-color":"","background-image":"","background-repeat":"repeat","background-position":"center center","background-size":"auto","background-attachment":"scroll","background-type":"","background-media":"","overlay-type":"","overlay-color":"","overlay-opacity":"","overlay-gradient":""},"mobile":{"background-color":"","background-image":"","background-repeat":"repeat","background-position":"center center","background-size":"auto","background-attachment":"scroll","background-type":"","background-media":"","overlay-type":"","overlay-color":"","overlay-opacity":"","overlay-gradient":""}},"ast-content-background-meta":{"desktop":{"background-color":"var(--ast-global-color-5)","background-image":"","background-repeat":"repeat","background-position":"center center","background-size":"auto","background-attachment":"scroll","background-type":"","background-media":"","overlay-type":"","overlay-color":"","overlay-opacity":"","overlay-gradient":""},"tablet":{"background-color":"var(--ast-global-color-5)","background-image":"","background-repeat":"repeat","background-position":"center center","background-size":"auto","background-attachment":"scroll","background-type":"","background-media":"","overlay-type":"","overlay-color":"","overlay-opacity":"","overlay-gradient":""},"mobile":{"background-color":"var(--ast-global-color-5)","background-image":"","background-repeat":"repeat","background-position":"center center","background-size":"auto","background-attachment":"scroll","background-type":"","background-media":"","overlay-type":"","overlay-color":"","overlay-opacity":"","overlay-gradient":""}},"footnotes":""},"class_list":["post-9594","page","type-page","status-publish","hentry"],"yoast_head":"<!-- This site is optimized with the Yoast SEO plugin v26.9 - https:\/\/yoast.com\/product\/yoast-seo-wordpress\/ -->\n<title>webov\u00e9 str\u00e1nky FADN Prohl\u00e1\u0161en\u00ed o p\u0159\u00edstupnosti<\/title>\n<meta name=\"description\" content=\"webov\u00e9 str\u00e1nky FADN Prohl\u00e1\u0161en\u00ed o p\u0159\u00edstupnosti\" \/>\n<meta name=\"robots\" content=\"index, follow, max-snippet:-1, max-image-preview:large, max-video-preview:-1\" \/>\n<link rel=\"canonical\" href=\"https:\/\/fadn.cz\/cz\/prohlaseni-o-pristupnosti\/\" \/>\n<meta property=\"og:locale\" content=\"cs_CZ\" \/>\n<meta property=\"og:type\" content=\"article\" \/>\n<meta property=\"og:title\" content=\"webov\u00e9 str\u00e1nky FADN Prohl\u00e1\u0161en\u00ed o p\u0159\u00edstupnosti\" \/>\n<meta property=\"og:description\" content=\"webov\u00e9 str\u00e1nky FADN Prohl\u00e1\u0161en\u00ed o p\u0159\u00edstupnosti\" \/>\n<meta property=\"og:url\" content=\"https:\/\/fadn.cz\/cz\/prohlaseni-o-pristupnosti\/\" \/>\n<meta property=\"og:site_name\" content=\"FADN\" \/>\n<meta property=\"article:publisher\" content=\"https:\/\/www.facebook.com\/fadncz\" \/>\n<meta property=\"article:modified_time\" content=\"2024-05-15T10:40:08+00:00\" \/>\n<meta name=\"twitter:card\" content=\"summary_large_image\" \/>\n<meta name=\"twitter:label1\" content=\"Odhadovan\u00e1 doba \u010dten\u00ed\" \/>\n\t<meta name=\"twitter:data1\" content=\"3 minuty\" \/>\n<script type=\"application\/ld+json\" class=\"yoast-schema-graph\">{\"@context\":\"https:\/\/schema.org\",\"@graph\":[{\"@type\":[\"WebPage\",\"AboutPage\"],\"@id\":\"https:\/\/fadn.cz\/cz\/prohlaseni-o-pristupnosti\/\",\"url\":\"https:\/\/fadn.cz\/cz\/prohlaseni-o-pristupnosti\/\",\"name\":\"webov\u00e9 str\u00e1nky FADN Prohl\u00e1\u0161en\u00ed o p\u0159\u00edstupnosti\",\"isPartOf\":{\"@id\":\"https:\/\/fadn.cz\/cz\/#website\"},\"datePublished\":\"2024-01-23T11:26:21+00:00\",\"dateModified\":\"2024-05-15T10:40:08+00:00\",\"description\":\"webov\u00e9 str\u00e1nky FADN Prohl\u00e1\u0161en\u00ed o p\u0159\u00edstupnosti\",\"breadcrumb\":{\"@id\":\"https:\/\/fadn.cz\/cz\/prohlaseni-o-pristupnosti\/#breadcrumb\"},\"inLanguage\":\"cs\",\"potentialAction\":[{\"@type\":\"ReadAction\",\"target\":[\"https:\/\/fadn.cz\/cz\/prohlaseni-o-pristupnosti\/\"]}]},{\"@type\":\"BreadcrumbList\",\"@id\":\"https:\/\/fadn.cz\/cz\/prohlaseni-o-pristupnosti\/#breadcrumb\",\"itemListElement\":[{\"@type\":\"ListItem\",\"position\":1,\"name\":\"Dom\u016f\",\"item\":\"https:\/\/fadn.cz\/\"},{\"@type\":\"ListItem\",\"position\":2,\"name\":\"PROHL\u00c1\u0160EN\u00cd O P\u0158\u00cdSTUPNOSTI\"}]},{\"@type\":\"WebSite\",\"@id\":\"https:\/\/fadn.cz\/cz\/#website\",\"url\":\"https:\/\/fadn.cz\/cz\/\",\"name\":\"Zem\u011bd\u011blsk\u00e1 \u00fa\u010detn\u00ed datov\u00e1 s\u00ed\u0165 FADN\",\"description\":\"Zem\u011bd\u011blsk\u00e1 \u00fa\u010detn\u00ed datov\u00e1 s\u00ed\u0165 \u010cR\",\"publisher\":{\"@id\":\"https:\/\/fadn.cz\/cz\/#organization\"},\"potentialAction\":[{\"@type\":\"SearchAction\",\"target\":{\"@type\":\"EntryPoint\",\"urlTemplate\":\"https:\/\/fadn.cz\/cz\/?s={search_term_string}\"},\"query-input\":{\"@type\":\"PropertyValueSpecification\",\"valueRequired\":true,\"valueName\":\"search_term_string\"}}],\"inLanguage\":\"cs\"},{\"@type\":\"Organization\",\"@id\":\"https:\/\/fadn.cz\/cz\/#organization\",\"name\":\"Zem\u011bd\u011blsk\u00e1 \u00fa\u010detn\u00ed datov\u00e1 s\u00ed\u0165 FADN\",\"url\":\"https:\/\/fadn.cz\/cz\/\",\"logo\":{\"@type\":\"ImageObject\",\"inLanguage\":\"cs\",\"@id\":\"https:\/\/fadn.cz\/cz\/#\/schema\/logo\/image\/\",\"url\":\"https:\/\/fadn.cz\/wp-content\/uploads\/2022\/11\/logo_FADN_ONLY_web.svg\",\"contentUrl\":\"https:\/\/fadn.cz\/wp-content\/uploads\/2022\/11\/logo_FADN_ONLY_web.svg\",\"width\":585,\"height\":157,\"caption\":\"Zem\u011bd\u011blsk\u00e1 \u00fa\u010detn\u00ed datov\u00e1 s\u00ed\u0165 FADN\"},\"image\":{\"@id\":\"https:\/\/fadn.cz\/cz\/#\/schema\/logo\/image\/\"},\"sameAs\":[\"https:\/\/www.facebook.com\/fadncz\",\"https:\/\/www.youtube.com\/channel\/UC1Y8WuJH_NjjqNN1VgPXxuA\",\"https:\/\/www.instagram.com\/fadncz\"]}]}<\/script>\n<!-- \/ Yoast SEO plugin. -->","yoast_head_json":{"title":"webov\u00e9 str\u00e1nky FADN Prohl\u00e1\u0161en\u00ed o p\u0159\u00edstupnosti","description":"webov\u00e9 str\u00e1nky FADN Prohl\u00e1\u0161en\u00ed o p\u0159\u00edstupnosti","robots":{"index":"index","follow":"follow","max-snippet":"max-snippet:-1","max-image-preview":"max-image-preview:large","max-video-preview":"max-video-preview:-1"},"canonical":"https:\/\/fadn.cz\/cz\/prohlaseni-o-pristupnosti\/","og_locale":"cs_CZ","og_type":"article","og_title":"webov\u00e9 str\u00e1nky FADN Prohl\u00e1\u0161en\u00ed o p\u0159\u00edstupnosti","og_description":"webov\u00e9 str\u00e1nky FADN Prohl\u00e1\u0161en\u00ed o p\u0159\u00edstupnosti","og_url":"https:\/\/fadn.cz\/cz\/prohlaseni-o-pristupnosti\/","og_site_name":"FADN","article_publisher":"https:\/\/www.facebook.com\/fadncz","article_modified_time":"2024-05-15T10:40:08+00:00","twitter_card":"summary_large_image","twitter_misc":{"Odhadovan\u00e1 doba \u010dten\u00ed":"3 minuty"},"schema":{"@context":"https:\/\/schema.org","@graph":[{"@type":["WebPage","AboutPage"],"@id":"https:\/\/fadn.cz\/cz\/prohlaseni-o-pristupnosti\/","url":"https:\/\/fadn.cz\/cz\/prohlaseni-o-pristupnosti\/","name":"webov\u00e9 str\u00e1nky FADN Prohl\u00e1\u0161en\u00ed o p\u0159\u00edstupnosti","isPartOf":{"@id":"https:\/\/fadn.cz\/cz\/#website"},"datePublished":"2024-01-23T11:26:21+00:00","dateModified":"2024-05-15T10:40:08+00:00","description":"webov\u00e9 str\u00e1nky FADN Prohl\u00e1\u0161en\u00ed o p\u0159\u00edstupnosti","breadcrumb":{"@id":"https:\/\/fadn.cz\/cz\/prohlaseni-o-pristupnosti\/#breadcrumb"},"inLanguage":"cs","potentialAction":[{"@type":"ReadAction","target":["https:\/\/fadn.cz\/cz\/prohlaseni-o-pristupnosti\/"]}]},{"@type":"BreadcrumbList","@id":"https:\/\/fadn.cz\/cz\/prohlaseni-o-pristupnosti\/#breadcrumb","itemListElement":[{"@type":"ListItem","position":1,"name":"Dom\u016f","item":"https:\/\/fadn.cz\/"},{"@type":"ListItem","position":2,"name":"PROHL\u00c1\u0160EN\u00cd O P\u0158\u00cdSTUPNOSTI"}]},{"@type":"WebSite","@id":"https:\/\/fadn.cz\/cz\/#website","url":"https:\/\/fadn.cz\/cz\/","name":"Zem\u011bd\u011blsk\u00e1 \u00fa\u010detn\u00ed datov\u00e1 s\u00ed\u0165 FADN","description":"Zem\u011bd\u011blsk\u00e1 \u00fa\u010detn\u00ed datov\u00e1 s\u00ed\u0165 \u010cR","publisher":{"@id":"https:\/\/fadn.cz\/cz\/#organization"},"potentialAction":[{"@type":"SearchAction","target":{"@type":"EntryPoint","urlTemplate":"https:\/\/fadn.cz\/cz\/?s={search_term_string}"},"query-input":{"@type":"PropertyValueSpecification","valueRequired":true,"valueName":"search_term_string"}}],"inLanguage":"cs"},{"@type":"Organization","@id":"https:\/\/fadn.cz\/cz\/#organization","name":"Zem\u011bd\u011blsk\u00e1 \u00fa\u010detn\u00ed datov\u00e1 s\u00ed\u0165 FADN","url":"https:\/\/fadn.cz\/cz\/","logo":{"@type":"ImageObject","inLanguage":"cs","@id":"https:\/\/fadn.cz\/cz\/#\/schema\/logo\/image\/","url":"https:\/\/fadn.cz\/wp-content\/uploads\/2022\/11\/logo_FADN_ONLY_web.svg","contentUrl":"https:\/\/fadn.cz\/wp-content\/uploads\/2022\/11\/logo_FADN_ONLY_web.svg","width":585,"height":157,"caption":"Zem\u011bd\u011blsk\u00e1 \u00fa\u010detn\u00ed datov\u00e1 s\u00ed\u0165 FADN"},"image":{"@id":"https:\/\/fadn.cz\/cz\/#\/schema\/logo\/image\/"},"sameAs":["https:\/\/www.facebook.com\/fadncz","https:\/\/www.youtube.com\/channel\/UC1Y8WuJH_NjjqNN1VgPXxuA","https:\/\/www.instagram.com\/fadncz"]}]}},"_links":{"self":[{"href":"https:\/\/fadn.cz\/cz\/wp-json\/wp\/v2\/pages\/9594","targetHints":{"allow":["GET"]}}],"collection":[{"href":"https:\/\/fadn.cz\/cz\/wp-json\/wp\/v2\/pages"}],"about":[{"href":"https:\/\/fadn.cz\/cz\/wp-json\/wp\/v2\/types\/page"}],"author":[{"embeddable":true,"href":"https:\/\/fadn.cz\/cz\/wp-json\/wp\/v2\/users\/5"}],"replies":[{"embeddable":true,"href":"https:\/\/fadn.cz\/cz\/wp-json\/wp\/v2\/comments?post=9594"}],"version-history":[{"count":26,"href":"https:\/\/fadn.cz\/cz\/wp-json\/wp\/v2\/pages\/9594\/revisions"}],"predecessor-version":[{"id":10566,"href":"https:\/\/fadn.cz\/cz\/wp-json\/wp\/v2\/pages\/9594\/revisions\/10566"}],"wp:attachment":[{"href":"https:\/\/fadn.cz\/cz\/wp-json\/wp\/v2\/media?parent=9594"}],"curies":[{"name":"wp","href":"https:\/\/api.w.org\/{rel}","templated":true}]}}