{"id":4225,"date":"2023-02-14T14:20:56","date_gmt":"2023-02-14T13:20:56","guid":{"rendered":"http:\/\/10.0.0.38\/?page_id=4225"},"modified":"2025-01-02T10:11:51","modified_gmt":"2025-01-02T09:11:51","slug":"mapa-stranek","status":"publish","type":"page","link":"https:\/\/fadn.cz\/cz\/mapa-stranek\/","title":{"rendered":"MAPA STR\u00c1NEK"},"content":{"rendered":"\t\t<div data-elementor-type=\"wp-page\" data-elementor-id=\"4225\" class=\"elementor elementor-4225\">\n\t\t\t\t\t\t<section class=\"elementor-section elementor-top-section elementor-element elementor-element-f0a58eb elementor-section-boxed elementor-section-height-default elementor-section-height-default\" data-id=\"f0a58eb\" data-element_type=\"section\" data-e-type=\"section\">\n\t\t\t\t\t\t<div class=\"elementor-container elementor-column-gap-default\">\n\t\t\t\t\t<div class=\"elementor-column elementor-col-100 elementor-top-column elementor-element elementor-element-a5b5149\" data-id=\"a5b5149\" data-element_type=\"column\" data-e-type=\"column\">\n\t\t\t<div class=\"elementor-widget-wrap elementor-element-populated\">\n\t\t\t\t\t\t<div class=\"elementor-element elementor-element-78a2764 elementor-widget-divider--view-line elementor-widget elementor-widget-divider\" data-id=\"78a2764\" data-element_type=\"widget\" data-e-type=\"widget\" data-widget_type=\"divider.default\">\n\t\t\t\t\t\t\t<div class=\"elementor-divider\">\n\t\t\t<span class=\"elementor-divider-separator\">\n\t\t\t\t\t\t<\/span>\n\t\t<\/div>\n\t\t\t\t\t\t<\/div>\n\t\t\t\t\t<\/div>\n\t\t<\/div>\n\t\t\t\t\t<\/div>\n\t\t<\/section>\n\t\t\t\t<section class=\"elementor-section elementor-top-section elementor-element elementor-element-b18e8b5 elementor-section-boxed elementor-section-height-default elementor-section-height-default\" data-id=\"b18e8b5\" data-element_type=\"section\" data-e-type=\"section\">\n\t\t\t\t\t\t<div class=\"elementor-container elementor-column-gap-default\">\n\t\t\t\t\t<div class=\"elementor-column elementor-col-100 elementor-top-column elementor-element elementor-element-34b17df\" data-id=\"34b17df\" data-element_type=\"column\" data-e-type=\"column\">\n\t\t\t<div class=\"elementor-widget-wrap elementor-element-populated\">\n\t\t\t\t\t\t<div class=\"elementor-element elementor-element-a76d5a7 elementor-widget elementor-widget-heading\" data-id=\"a76d5a7\" data-element_type=\"widget\" data-e-type=\"widget\" data-widget_type=\"heading.default\">\n\t\t\t\t\t<h1 class=\"elementor-heading-title elementor-size-default\">Mapa str\u00e1nek<\/h1>\t\t\t\t<\/div>\n\t\t\t\t\t<\/div>\n\t\t<\/div>\n\t\t\t\t\t<\/div>\n\t\t<\/section>\n\t\t\t\t<section class=\"elementor-section elementor-top-section elementor-element elementor-element-3564a00 elementor-section-boxed elementor-section-height-default elementor-section-height-default\" data-id=\"3564a00\" data-element_type=\"section\" data-e-type=\"section\">\n\t\t\t\t\t\t<div class=\"elementor-container elementor-column-gap-default\">\n\t\t\t\t\t<div class=\"elementor-column elementor-col-100 elementor-top-column elementor-element elementor-element-b7f92a0\" data-id=\"b7f92a0\" data-element_type=\"column\" data-e-type=\"column\">\n\t\t\t<div class=\"elementor-widget-wrap elementor-element-populated\">\n\t\t\t\t\t\t<div class=\"elementor-element elementor-element-6e7a0bf elementor-widget-divider--view-line elementor-widget elementor-widget-divider\" data-id=\"6e7a0bf\" data-element_type=\"widget\" data-e-type=\"widget\" data-widget_type=\"divider.default\">\n\t\t\t\t\t\t\t<div class=\"elementor-divider\">\n\t\t\t<span class=\"elementor-divider-separator\">\n\t\t\t\t\t\t<\/span>\n\t\t<\/div>\n\t\t\t\t\t\t<\/div>\n\t\t\t\t\t<\/div>\n\t\t<\/div>\n\t\t\t\t\t<\/div>\n\t\t<\/section>\n\t\t\t\t<section class=\"elementor-section elementor-top-section elementor-element elementor-element-10156f0 elementor-section-boxed elementor-section-height-default elementor-section-height-default\" data-id=\"10156f0\" data-element_type=\"section\" data-e-type=\"section\">\n\t\t\t\t\t\t<div class=\"elementor-container elementor-column-gap-default\">\n\t\t\t\t\t<div class=\"elementor-column elementor-col-33 elementor-top-column elementor-element elementor-element-5ae0bd0\" data-id=\"5ae0bd0\" data-element_type=\"column\" data-e-type=\"column\">\n\t\t\t<div class=\"elementor-widget-wrap\">\n\t\t\t\t\t\t\t<\/div>\n\t\t<\/div>\n\t\t\t\t<div class=\"elementor-column elementor-col-33 elementor-top-column elementor-element elementor-element-66fe21c\" data-id=\"66fe21c\" data-element_type=\"column\" data-e-type=\"column\">\n\t\t\t<div class=\"elementor-widget-wrap elementor-element-populated\">\n\t\t\t\t\t\t<div class=\"elementor-element elementor-element-3efab5b elementor-widget elementor-widget-shortcode\" data-id=\"3efab5b\" data-element_type=\"widget\" data-e-type=\"widget\" data-widget_type=\"shortcode.default\">\n\t\t\t\t\t\t\t<div class=\"elementor-shortcode\"><div class=\"wsp-container\"><h2 class=\"wsp-pages-title\">Str\u00e1nky<\/h2>\n<ul class=\"wsp-pages-list\">\n<li class=\"page_item page-item-9 page_item_has_children menu-item menu-item-has-children\"><a href=\"https:\/\/fadn.cz\/cz\/\" class=\"menu-link\">FADN<\/a>\n<ul class='children'>\n\t<li class=\"page_item page-item-23 menu-item\"><a href=\"https:\/\/fadn.cz\/cz\/fadn\/o-nas\/\" class=\"menu-link\">O N\u00c1S<\/a><\/li>\n\t<li class=\"page_item page-item-4553 page_item_has_children menu-item menu-item-has-children\"><a href=\"https:\/\/fadn.cz\/cz\/fadn\/aktuality\/\" class=\"menu-link\">AKTUALITY<\/a>\n\t<ul class='children'>\n\t\t<li class=\"page_item page-item-1224 menu-item\"><a href=\"https:\/\/fadn.cz\/cz\/fadn\/aktuality\/archiv\/\" class=\"menu-link\">ARCHIV<\/a><\/li>\n\t<\/ul>\n<\/li>\n\t<li class=\"page_item page-item-3273 menu-item\"><a href=\"https:\/\/fadn.cz\/cz\/fadn\/kontakty\/\" class=\"menu-link\">KONTAKTY<\/a><\/li>\n\t<li class=\"page_item page-item-3569 menu-item\"><a href=\"https:\/\/fadn.cz\/cz\/fadn\/legislativa\/\" class=\"menu-link\">LEGISLATIVA<\/a><\/li>\n\t<li class=\"page_item page-item-4265 menu-item\"><a href=\"https:\/\/fadn.cz\/cz\/fadn\/organy-fadn\/\" class=\"menu-link\">ORG\u00c1NY FADN<\/a><\/li>\n<\/ul>\n<\/li>\n<li class=\"page_item page-item-5709 page_item_has_children menu-item menu-item-has-children\"><a href=\"https:\/\/fadn.cz\/cz\/partneri\/\" class=\"menu-link\">PARTNE\u0158I<\/a>\n<ul class='children'>\n\t<li class=\"page_item page-item-4419 menu-item\"><a href=\"https:\/\/fadn.cz\/cz\/partneri\/prihlaseni\/\" class=\"menu-link\">P\u0158IHL\u00c1\u0160EN\u00cd<\/a><\/li>\n\t<li class=\"page_item page-item-800 page_item_has_children menu-item menu-item-has-children\"><a href=\"https:\/\/fadn.cz\/cz\/partneri\/registrace-2\/\" class=\"menu-link\">REGISTRACE<\/a>\n\t<ul class='children'>\n\t\t<li class=\"page_item page-item-4146 menu-item\"><a href=\"https:\/\/fadn.cz\/cz\/partneri\/registrace-2\/zasady-ochrany-osobnich-udaju\/\" class=\"menu-link\">Z\u00c1SADY OCHRANY OSOBN\u00cdCH \u00daDAJ\u016e<\/a><\/li>\n\t<\/ul>\n<\/li>\n\t<li class=\"page_item page-item-820 menu-item\"><a href=\"https:\/\/fadn.cz\/cz\/partneri\/navody-a-instrukce\/\" class=\"menu-link\">N\u00c1VODY A&nbsp;INSTRUKCE<\/a><\/li>\n<\/ul>\n<\/li>\n<li class=\"page_item page-item-5712 page_item_has_children menu-item menu-item-has-children\"><a href=\"https:\/\/fadn.cz\/cz\/vystupy\/\" class=\"menu-link\">V\u00ddSTUPY<\/a>\n<ul class='children'>\n\t<li class=\"page_item page-item-38 menu-item\"><a href=\"https:\/\/fadn.cz\/cz\/vystupy\/publikacni-cinnost\/\" class=\"menu-link\">PUBLIKA\u010cN\u00cd \u010cINNOST<\/a><\/li>\n\t<li class=\"page_item page-item-834 menu-item\"><a href=\"https:\/\/fadn.cz\/cz\/vystupy\/vysledky-setreni-fadn\/\" class=\"menu-link\">V\u00ddSLEDKY \u0160ET\u0158EN\u00cd FADN<\/a><\/li>\n\t<li class=\"page_item page-item-839 menu-item\"><a href=\"https:\/\/fadn.cz\/cz\/vystupy\/projekty\/\" class=\"menu-link\">PROJEKTY<\/a><\/li>\n<\/ul>\n<\/li>\n<li class=\"page_item page-item-20 page_item_has_children menu-item menu-item-has-children\"><a href=\"https:\/\/fadn.cz\/cz\/metodika\/\" class=\"menu-link\">METODIKA<\/a>\n<ul class='children'>\n\t<li class=\"page_item page-item-847 menu-item\"><a href=\"https:\/\/fadn.cz\/cz\/metodika\/typologie-zemedelskych-podniku\/\" class=\"menu-link\">TYPOLOGIE ZEM\u011aD\u011aLSK\u00ddCH PODNIK\u016e<\/a><\/li>\n\t<li class=\"page_item page-item-849 menu-item\"><a href=\"https:\/\/fadn.cz\/cz\/metodika\/vyber-podniku-do-setreni-fadn\/\" class=\"menu-link\">V\u00ddB\u011aR PODNIK\u016e DO&nbsp;\u0160ET\u0158EN\u00cd FADN<\/a><\/li>\n\t<li class=\"page_item page-item-851 menu-item\"><a href=\"https:\/\/fadn.cz\/cz\/metodika\/standardni-vystup-fadn\/\" class=\"menu-link\">STANDARDN\u00cd V\u00ddSTUP FADN<\/a><\/li>\n<\/ul>\n<\/li>\n<li class=\"page_item page-item-4225 menu-item\"><a href=\"https:\/\/fadn.cz\/cz\/mapa-stranek\/\" class=\"menu-link\">MAPA STR\u00c1NEK<\/a><\/li>\n<li class=\"page_item page-item-9594 menu-item\"><a href=\"https:\/\/fadn.cz\/cz\/prohlaseni-o-pristupnosti\/\" class=\"menu-link\">PROHL\u00c1\u0160EN\u00cd O&nbsp;P\u0158\u00cdSTUPNOSTI<\/a><\/li>\n<\/ul>\n<\/div><\/div>\n\t\t\t\t\t\t<\/div>\n\t\t\t\t\t<\/div>\n\t\t<\/div>\n\t\t\t\t<div class=\"elementor-column elementor-col-33 elementor-top-column elementor-element elementor-element-441c6ba\" data-id=\"441c6ba\" data-element_type=\"column\" data-e-type=\"column\">\n\t\t\t<div class=\"elementor-widget-wrap\">\n\t\t\t\t\t\t\t<\/div>\n\t\t<\/div>\n\t\t\t\t\t<\/div>\n\t\t<\/section>\n\t\t\t\t<section class=\"elementor-section elementor-top-section elementor-element elementor-element-224d7ee elementor-section-boxed elementor-section-height-default elementor-section-height-default\" data-id=\"224d7ee\" data-element_type=\"section\" data-e-type=\"section\">\n\t\t\t\t\t\t<div class=\"elementor-container elementor-column-gap-default\">\n\t\t\t\t\t<div class=\"elementor-column elementor-col-100 elementor-top-column elementor-element elementor-element-dbef469\" data-id=\"dbef469\" data-element_type=\"column\" data-e-type=\"column\">\n\t\t\t<div class=\"elementor-widget-wrap elementor-element-populated\">\n\t\t\t\t\t\t<div class=\"elementor-element elementor-element-3421766 elementor-widget-divider--view-line elementor-widget elementor-widget-divider\" data-id=\"3421766\" data-element_type=\"widget\" data-e-type=\"widget\" data-widget_type=\"divider.default\">\n\t\t\t\t\t\t\t<div class=\"elementor-divider\">\n\t\t\t<span class=\"elementor-divider-separator\">\n\t\t\t\t\t\t<\/span>\n\t\t<\/div>\n\t\t\t\t\t\t<\/div>\n\t\t\t\t\t<\/div>\n\t\t<\/div>\n\t\t\t\t\t<\/div>\n\t\t<\/section>\n\t\t\t\t<\/div>\n\t\t","protected":false},"excerpt":{"rendered":"<p>Mapa str\u00e1nek<\/p>\n","protected":false},"author":5,"featured_media":0,"parent":0,"menu_order":7,"comment_status":"closed","ping_status":"closed","template":"","meta":{"site-sidebar-layout":"no-sidebar","site-content-layout":"page-builder","ast-site-content-layout":"full-width-container","site-content-style":"unboxed","site-sidebar-style":"unboxed","ast-global-header-display":"","ast-banner-title-visibility":"","ast-main-header-display":"","ast-hfb-above-header-display":"","ast-hfb-below-header-display":"","ast-hfb-mobile-header-display":"","site-post-title":"disabled","ast-breadcrumbs-content":"","ast-featured-img":"disabled","footer-sml-layout":"","ast-disable-related-posts":"","theme-transparent-header-meta":"","adv-header-id-meta":"","stick-header-meta":"","header-above-stick-meta":"","header-main-stick-meta":"","header-below-stick-meta":"","astra-migrate-meta-layouts":"set","ast-page-background-enabled":"default","ast-page-background-meta":{"desktop":{"background-color":"var(--ast-global-color-4)","background-image":"","background-repeat":"repeat","background-position":"center center","background-size":"auto","background-attachment":"scroll","background-type":"","background-media":"","overlay-type":"","overlay-color":"","overlay-opacity":"","overlay-gradient":""},"tablet":{"background-color":"","background-image":"","background-repeat":"repeat","background-position":"center center","background-size":"auto","background-attachment":"scroll","background-type":"","background-media":"","overlay-type":"","overlay-color":"","overlay-opacity":"","overlay-gradient":""},"mobile":{"background-color":"","background-image":"","background-repeat":"repeat","background-position":"center center","background-size":"auto","background-attachment":"scroll","background-type":"","background-media":"","overlay-type":"","overlay-color":"","overlay-opacity":"","overlay-gradient":""}},"ast-content-background-meta":{"desktop":{"background-color":"var(--ast-global-color-5)","background-image":"","background-repeat":"repeat","background-position":"center center","background-size":"auto","background-attachment":"scroll","background-type":"","background-media":"","overlay-type":"","overlay-color":"","overlay-opacity":"","overlay-gradient":""},"tablet":{"background-color":"var(--ast-global-color-5)","background-image":"","background-repeat":"repeat","background-position":"center center","background-size":"auto","background-attachment":"scroll","background-type":"","background-media":"","overlay-type":"","overlay-color":"","overlay-opacity":"","overlay-gradient":""},"mobile":{"background-color":"var(--ast-global-color-5)","background-image":"","background-repeat":"repeat","background-position":"center center","background-size":"auto","background-attachment":"scroll","background-type":"","background-media":"","overlay-type":"","overlay-color":"","overlay-opacity":"","overlay-gradient":""}},"footnotes":""},"class_list":["post-4225","page","type-page","status-publish","hentry"],"yoast_head":"<!-- This site is optimized with the Yoast SEO plugin v26.9 - https:\/\/yoast.com\/product\/yoast-seo-wordpress\/ -->\n<title>Mapa str\u00e1nek<\/title>\n<meta name=\"description\" content=\"Mapa str\u00e1nek obsahuje podrobn\u00fd seznam v\u0161ech vyu\u017e\u00edvan\u00fdch str\u00e1nek na webu FADN se\u0159azen\u00fd dle hlavn\u00edho MENU samotn\u00e9 str\u00e1nky\" \/>\n<meta name=\"robots\" content=\"index, follow, max-snippet:-1, max-image-preview:large, max-video-preview:-1\" \/>\n<link rel=\"canonical\" href=\"https:\/\/fadn.cz\/cz\/mapa-stranek\/\" \/>\n<meta property=\"og:locale\" content=\"cs_CZ\" \/>\n<meta property=\"og:type\" content=\"article\" \/>\n<meta property=\"og:title\" content=\"Mapa str\u00e1nek\" \/>\n<meta property=\"og:description\" content=\"Mapa str\u00e1nek obsahuje podrobn\u00fd seznam v\u0161ech vyu\u017e\u00edvan\u00fdch str\u00e1nek na webu FADN se\u0159azen\u00fd dle hlavn\u00edho MENU samotn\u00e9 str\u00e1nky\" \/>\n<meta property=\"og:url\" content=\"https:\/\/fadn.cz\/cz\/mapa-stranek\/\" \/>\n<meta property=\"og:site_name\" content=\"FADN\" \/>\n<meta property=\"article:publisher\" content=\"https:\/\/www.facebook.com\/fadncz\" \/>\n<meta property=\"article:modified_time\" content=\"2025-01-02T09:11:51+00:00\" \/>\n<meta name=\"twitter:card\" content=\"summary_large_image\" \/>\n<meta name=\"twitter:label1\" content=\"Odhadovan\u00e1 doba \u010dten\u00ed\" \/>\n\t<meta name=\"twitter:data1\" content=\"1 minuta\" \/>\n<script type=\"application\/ld+json\" class=\"yoast-schema-graph\">{\"@context\":\"https:\/\/schema.org\",\"@graph\":[{\"@type\":[\"WebPage\",\"AboutPage\"],\"@id\":\"https:\/\/fadn.cz\/mapa-stranek\/\",\"url\":\"https:\/\/fadn.cz\/mapa-stranek\/\",\"name\":\"Mapa str\u00e1nek\",\"isPartOf\":{\"@id\":\"https:\/\/fadn.cz\/cz\/#website\"},\"datePublished\":\"2023-02-14T13:20:56+00:00\",\"dateModified\":\"2025-01-02T09:11:51+00:00\",\"description\":\"Mapa str\u00e1nek obsahuje podrobn\u00fd seznam v\u0161ech vyu\u017e\u00edvan\u00fdch str\u00e1nek na webu FADN se\u0159azen\u00fd dle hlavn\u00edho MENU samotn\u00e9 str\u00e1nky\",\"breadcrumb\":{\"@id\":\"https:\/\/fadn.cz\/mapa-stranek\/#breadcrumb\"},\"inLanguage\":\"cs\",\"potentialAction\":[{\"@type\":\"ReadAction\",\"target\":[\"https:\/\/fadn.cz\/mapa-stranek\/\"]}]},{\"@type\":\"BreadcrumbList\",\"@id\":\"https:\/\/fadn.cz\/mapa-stranek\/#breadcrumb\",\"itemListElement\":[{\"@type\":\"ListItem\",\"position\":1,\"name\":\"Dom\u016f\",\"item\":\"https:\/\/fadn.cz\/\"},{\"@type\":\"ListItem\",\"position\":2,\"name\":\"MAPA STR\u00c1NEK\"}]},{\"@type\":\"WebSite\",\"@id\":\"https:\/\/fadn.cz\/cz\/#website\",\"url\":\"https:\/\/fadn.cz\/cz\/\",\"name\":\"Zem\u011bd\u011blsk\u00e1 \u00fa\u010detn\u00ed datov\u00e1 s\u00ed\u0165 FADN\",\"description\":\"Zem\u011bd\u011blsk\u00e1 \u00fa\u010detn\u00ed datov\u00e1 s\u00ed\u0165 \u010cR\",\"publisher\":{\"@id\":\"https:\/\/fadn.cz\/cz\/#organization\"},\"potentialAction\":[{\"@type\":\"SearchAction\",\"target\":{\"@type\":\"EntryPoint\",\"urlTemplate\":\"https:\/\/fadn.cz\/cz\/?s={search_term_string}\"},\"query-input\":{\"@type\":\"PropertyValueSpecification\",\"valueRequired\":true,\"valueName\":\"search_term_string\"}}],\"inLanguage\":\"cs\"},{\"@type\":\"Organization\",\"@id\":\"https:\/\/fadn.cz\/cz\/#organization\",\"name\":\"Zem\u011bd\u011blsk\u00e1 \u00fa\u010detn\u00ed datov\u00e1 s\u00ed\u0165 FADN\",\"url\":\"https:\/\/fadn.cz\/cz\/\",\"logo\":{\"@type\":\"ImageObject\",\"inLanguage\":\"cs\",\"@id\":\"https:\/\/fadn.cz\/cz\/#\/schema\/logo\/image\/\",\"url\":\"https:\/\/fadn.cz\/wp-content\/uploads\/2022\/11\/logo_FADN_ONLY_web.svg\",\"contentUrl\":\"https:\/\/fadn.cz\/wp-content\/uploads\/2022\/11\/logo_FADN_ONLY_web.svg\",\"width\":585,\"height\":157,\"caption\":\"Zem\u011bd\u011blsk\u00e1 \u00fa\u010detn\u00ed datov\u00e1 s\u00ed\u0165 FADN\"},\"image\":{\"@id\":\"https:\/\/fadn.cz\/cz\/#\/schema\/logo\/image\/\"},\"sameAs\":[\"https:\/\/www.facebook.com\/fadncz\",\"https:\/\/www.youtube.com\/channel\/UC1Y8WuJH_NjjqNN1VgPXxuA\",\"https:\/\/www.instagram.com\/fadncz\"]}]}<\/script>\n<!-- \/ Yoast SEO plugin. -->","yoast_head_json":{"title":"Mapa str\u00e1nek","description":"Mapa str\u00e1nek obsahuje podrobn\u00fd seznam v\u0161ech vyu\u017e\u00edvan\u00fdch str\u00e1nek na webu FADN se\u0159azen\u00fd dle hlavn\u00edho MENU samotn\u00e9 str\u00e1nky","robots":{"index":"index","follow":"follow","max-snippet":"max-snippet:-1","max-image-preview":"max-image-preview:large","max-video-preview":"max-video-preview:-1"},"canonical":"https:\/\/fadn.cz\/cz\/mapa-stranek\/","og_locale":"cs_CZ","og_type":"article","og_title":"Mapa str\u00e1nek","og_description":"Mapa str\u00e1nek obsahuje podrobn\u00fd seznam v\u0161ech vyu\u017e\u00edvan\u00fdch str\u00e1nek na webu FADN se\u0159azen\u00fd dle hlavn\u00edho MENU samotn\u00e9 str\u00e1nky","og_url":"https:\/\/fadn.cz\/cz\/mapa-stranek\/","og_site_name":"FADN","article_publisher":"https:\/\/www.facebook.com\/fadncz","article_modified_time":"2025-01-02T09:11:51+00:00","twitter_card":"summary_large_image","twitter_misc":{"Odhadovan\u00e1 doba \u010dten\u00ed":"1 minuta"},"schema":{"@context":"https:\/\/schema.org","@graph":[{"@type":["WebPage","AboutPage"],"@id":"https:\/\/fadn.cz\/mapa-stranek\/","url":"https:\/\/fadn.cz\/mapa-stranek\/","name":"Mapa str\u00e1nek","isPartOf":{"@id":"https:\/\/fadn.cz\/cz\/#website"},"datePublished":"2023-02-14T13:20:56+00:00","dateModified":"2025-01-02T09:11:51+00:00","description":"Mapa str\u00e1nek obsahuje podrobn\u00fd seznam v\u0161ech vyu\u017e\u00edvan\u00fdch str\u00e1nek na webu FADN se\u0159azen\u00fd dle hlavn\u00edho MENU samotn\u00e9 str\u00e1nky","breadcrumb":{"@id":"https:\/\/fadn.cz\/mapa-stranek\/#breadcrumb"},"inLanguage":"cs","potentialAction":[{"@type":"ReadAction","target":["https:\/\/fadn.cz\/mapa-stranek\/"]}]},{"@type":"BreadcrumbList","@id":"https:\/\/fadn.cz\/mapa-stranek\/#breadcrumb","itemListElement":[{"@type":"ListItem","position":1,"name":"Dom\u016f","item":"https:\/\/fadn.cz\/"},{"@type":"ListItem","position":2,"name":"MAPA STR\u00c1NEK"}]},{"@type":"WebSite","@id":"https:\/\/fadn.cz\/cz\/#website","url":"https:\/\/fadn.cz\/cz\/","name":"Zem\u011bd\u011blsk\u00e1 \u00fa\u010detn\u00ed datov\u00e1 s\u00ed\u0165 FADN","description":"Zem\u011bd\u011blsk\u00e1 \u00fa\u010detn\u00ed datov\u00e1 s\u00ed\u0165 \u010cR","publisher":{"@id":"https:\/\/fadn.cz\/cz\/#organization"},"potentialAction":[{"@type":"SearchAction","target":{"@type":"EntryPoint","urlTemplate":"https:\/\/fadn.cz\/cz\/?s={search_term_string}"},"query-input":{"@type":"PropertyValueSpecification","valueRequired":true,"valueName":"search_term_string"}}],"inLanguage":"cs"},{"@type":"Organization","@id":"https:\/\/fadn.cz\/cz\/#organization","name":"Zem\u011bd\u011blsk\u00e1 \u00fa\u010detn\u00ed datov\u00e1 s\u00ed\u0165 FADN","url":"https:\/\/fadn.cz\/cz\/","logo":{"@type":"ImageObject","inLanguage":"cs","@id":"https:\/\/fadn.cz\/cz\/#\/schema\/logo\/image\/","url":"https:\/\/fadn.cz\/wp-content\/uploads\/2022\/11\/logo_FADN_ONLY_web.svg","contentUrl":"https:\/\/fadn.cz\/wp-content\/uploads\/2022\/11\/logo_FADN_ONLY_web.svg","width":585,"height":157,"caption":"Zem\u011bd\u011blsk\u00e1 \u00fa\u010detn\u00ed datov\u00e1 s\u00ed\u0165 FADN"},"image":{"@id":"https:\/\/fadn.cz\/cz\/#\/schema\/logo\/image\/"},"sameAs":["https:\/\/www.facebook.com\/fadncz","https:\/\/www.youtube.com\/channel\/UC1Y8WuJH_NjjqNN1VgPXxuA","https:\/\/www.instagram.com\/fadncz"]}]}},"_links":{"self":[{"href":"https:\/\/fadn.cz\/cz\/wp-json\/wp\/v2\/pages\/4225","targetHints":{"allow":["GET"]}}],"collection":[{"href":"https:\/\/fadn.cz\/cz\/wp-json\/wp\/v2\/pages"}],"about":[{"href":"https:\/\/fadn.cz\/cz\/wp-json\/wp\/v2\/types\/page"}],"author":[{"embeddable":true,"href":"https:\/\/fadn.cz\/cz\/wp-json\/wp\/v2\/users\/5"}],"replies":[{"embeddable":true,"href":"https:\/\/fadn.cz\/cz\/wp-json\/wp\/v2\/comments?post=4225"}],"version-history":[{"count":10,"href":"https:\/\/fadn.cz\/cz\/wp-json\/wp\/v2\/pages\/4225\/revisions"}],"predecessor-version":[{"id":10358,"href":"https:\/\/fadn.cz\/cz\/wp-json\/wp\/v2\/pages\/4225\/revisions\/10358"}],"wp:attachment":[{"href":"https:\/\/fadn.cz\/cz\/wp-json\/wp\/v2\/media?parent=4225"}],"curies":[{"name":"wp","href":"https:\/\/api.w.org\/{rel}","templated":true}]}}