{"id":4146,"date":"2023-02-14T12:52:26","date_gmt":"2023-02-14T11:52:26","guid":{"rendered":"http:\/\/10.0.0.38\/?page_id=4146"},"modified":"2025-01-02T10:03:48","modified_gmt":"2025-01-02T09:03:48","slug":"zasady-ochrany-osobnich-udaju","status":"publish","type":"page","link":"https:\/\/fadn.cz\/cz\/partneri\/registrace-2\/zasady-ochrany-osobnich-udaju\/","title":{"rendered":"Z\u00c1SADY OCHRANY OSOBN\u00cdCH \u00daDAJ\u016e"},"content":{"rendered":"\t\t<div data-elementor-type=\"wp-page\" data-elementor-id=\"4146\" class=\"elementor elementor-4146\">\n\t\t\t\t\t\t<section class=\"elementor-section elementor-top-section elementor-element elementor-element-e84c7d5 elementor-section-boxed elementor-section-height-default elementor-section-height-default\" data-id=\"e84c7d5\" data-element_type=\"section\" data-e-type=\"section\">\n\t\t\t\t\t\t<div class=\"elementor-container elementor-column-gap-default\">\n\t\t\t\t\t<div class=\"elementor-column elementor-col-100 elementor-top-column elementor-element elementor-element-4c9a338\" data-id=\"4c9a338\" data-element_type=\"column\" data-e-type=\"column\">\n\t\t\t<div class=\"elementor-widget-wrap elementor-element-populated\">\n\t\t\t\t\t\t<div class=\"elementor-element elementor-element-600aa43 elementor-widget-divider--view-line elementor-widget elementor-widget-divider\" data-id=\"600aa43\" data-element_type=\"widget\" data-e-type=\"widget\" data-widget_type=\"divider.default\">\n\t\t\t\t\t\t\t<div class=\"elementor-divider\">\n\t\t\t<span class=\"elementor-divider-separator\">\n\t\t\t\t\t\t<\/span>\n\t\t<\/div>\n\t\t\t\t\t\t<\/div>\n\t\t\t\t\t<\/div>\n\t\t<\/div>\n\t\t\t\t\t<\/div>\n\t\t<\/section>\n\t\t\t\t<section class=\"elementor-section elementor-top-section elementor-element elementor-element-7d49b89 elementor-section-boxed elementor-section-height-default elementor-section-height-default\" data-id=\"7d49b89\" data-element_type=\"section\" data-e-type=\"section\">\n\t\t\t\t\t\t<div class=\"elementor-container elementor-column-gap-default\">\n\t\t\t\t\t<div class=\"elementor-column elementor-col-100 elementor-top-column elementor-element elementor-element-8cd46c7\" data-id=\"8cd46c7\" data-element_type=\"column\" data-e-type=\"column\">\n\t\t\t<div class=\"elementor-widget-wrap elementor-element-populated\">\n\t\t\t\t\t\t<div class=\"elementor-element elementor-element-948b0cb elementor-widget elementor-widget-heading\" data-id=\"948b0cb\" data-element_type=\"widget\" data-e-type=\"widget\" data-widget_type=\"heading.default\">\n\t\t\t\t\t<h1 class=\"elementor-heading-title elementor-size-default\">Z\u00e1sady nakl\u00e1d\u00e1n\u00ed s&nbsp;osobn\u00edmi \u00fadaji<\/h1>\t\t\t\t<\/div>\n\t\t\t\t\t<\/div>\n\t\t<\/div>\n\t\t\t\t\t<\/div>\n\t\t<\/section>\n\t\t<div class=\"elementor-element elementor-element-aff2541 e-flex e-con-boxed e-con e-parent\" data-id=\"aff2541\" data-element_type=\"container\" data-e-type=\"container\">\n\t\t\t\t\t<div class=\"e-con-inner\">\n\t\t\t\t<div class=\"elementor-element elementor-element-04e986d elementor-widget-divider--view-line elementor-widget elementor-widget-divider\" data-id=\"04e986d\" data-element_type=\"widget\" data-e-type=\"widget\" data-widget_type=\"divider.default\">\n\t\t\t\t\t\t\t<div class=\"elementor-divider\">\n\t\t\t<span class=\"elementor-divider-separator\">\n\t\t\t\t\t\t<\/span>\n\t\t<\/div>\n\t\t\t\t\t\t<\/div>\n\t\t\t\t\t<\/div>\n\t\t\t\t<\/div>\n\t\t\t\t<section class=\"elementor-section elementor-top-section elementor-element elementor-element-ebd8dac elementor-section-boxed elementor-section-height-default elementor-section-height-default\" data-id=\"ebd8dac\" data-element_type=\"section\" data-e-type=\"section\">\n\t\t\t\t\t\t<div class=\"elementor-container elementor-column-gap-default\">\n\t\t\t\t\t<div class=\"elementor-column elementor-col-100 elementor-top-column elementor-element elementor-element-7be83af\" data-id=\"7be83af\" data-element_type=\"column\" data-e-type=\"column\">\n\t\t\t<div class=\"elementor-widget-wrap elementor-element-populated\">\n\t\t\t\t\t\t<div class=\"elementor-element elementor-element-3d03864 elementor-widget elementor-widget-text-editor\" data-id=\"3d03864\" data-element_type=\"widget\" data-e-type=\"widget\" data-widget_type=\"text-editor.default\">\n\t\t\t\t\t\t\t\t\t<p style=\"text-align: center;\"><a href=\"https:\/\/fadn.cz\/wp-content\/uploads\/2023\/03\/GDPR.pdf\" target=\"_blank\" rel=\"noopener\">Zpracov\u00e1n\u00ed osobn\u00edch \u00fadaj\u016f p\u0159i&nbsp;registraci na&nbsp;webov\u00e9 str\u00e1nky fadn.cz<\/a><\/p>\t\t\t\t\t\t\t\t<\/div>\n\t\t\t\t\t<\/div>\n\t\t<\/div>\n\t\t\t\t\t<\/div>\n\t\t<\/section>\n\t\t\t\t<section class=\"elementor-section elementor-top-section elementor-element elementor-element-82f8339 elementor-section-boxed elementor-section-height-default elementor-section-height-default\" data-id=\"82f8339\" data-element_type=\"section\" data-e-type=\"section\">\n\t\t\t\t\t\t<div class=\"elementor-container elementor-column-gap-default\">\n\t\t\t\t\t<div class=\"elementor-column elementor-col-100 elementor-top-column elementor-element elementor-element-d349186\" data-id=\"d349186\" data-element_type=\"column\" data-e-type=\"column\">\n\t\t\t<div class=\"elementor-widget-wrap elementor-element-populated\">\n\t\t\t\t\t\t<div class=\"elementor-element elementor-element-2977191 elementor-view-default elementor-widget elementor-widget-icon\" data-id=\"2977191\" data-element_type=\"widget\" data-e-type=\"widget\" data-widget_type=\"icon.default\">\n\t\t\t\t\t\t\t<div class=\"elementor-icon-wrapper\">\n\t\t\t<div class=\"elementor-icon elementor-animation-grow\">\n\t\t\t<svg aria-hidden=\"true\" class=\"e-font-icon-svg e-fas-balance-scale-left\" viewBox=\"0 0 640 512\" xmlns=\"http:\/\/www.w3.org\/2000\/svg\"><path d=\"M528 448H352V153.25c20.42-8.94 36.1-26.22 43.38-47.47l132-44.26c8.38-2.81 12.89-11.88 10.08-20.26l-10.17-30.34C524.48 2.54 515.41-1.97 507.03.84L389.11 40.37C375.3 16.36 349.69 0 320 0c-44.18 0-80 35.82-80 80 0 3.43.59 6.71 1.01 10.03l-128.39 43.05c-8.38 2.81-12.89 11.88-10.08 20.26l10.17 30.34c2.81 8.38 11.88 12.89 20.26 10.08l142.05-47.63c4.07 2.77 8.43 5.12 12.99 7.12V496c0 8.84 7.16 16 16 16h224c8.84 0 16-7.16 16-16v-32c-.01-8.84-7.17-16-16.01-16zm111.98-144c0-16.18 1.34-8.73-85.05-181.51-17.65-35.29-68.19-35.36-85.87 0-87.12 174.26-85.04 165.84-85.04 181.51H384c0 44.18 57.31 80 128 80s128-35.82 128-80h-.02zM440 288l72-144 72 144H440zm-269.07-37.51c-17.65-35.29-68.19-35.36-85.87 0C-2.06 424.75.02 416.33.02 432H0c0 44.18 57.31 80 128 80s128-35.82 128-80h-.02c0-16.18 1.34-8.73-85.05-181.51zM56 416l72-144 72 144H56z\"><\/path><\/svg>\t\t\t<\/div>\n\t\t<\/div>\n\t\t\t\t\t\t<\/div>\n\t\t\t\t\t<\/div>\n\t\t<\/div>\n\t\t\t\t\t<\/div>\n\t\t<\/section>\n\t\t\t\t<section class=\"elementor-section elementor-top-section elementor-element elementor-element-16fb7f5 elementor-section-boxed elementor-section-height-default elementor-section-height-default\" data-id=\"16fb7f5\" data-element_type=\"section\" data-e-type=\"section\">\n\t\t\t\t\t\t<div class=\"elementor-container elementor-column-gap-default\">\n\t\t\t\t\t<div class=\"elementor-column elementor-col-100 elementor-top-column elementor-element elementor-element-27e360b\" data-id=\"27e360b\" data-element_type=\"column\" data-e-type=\"column\">\n\t\t\t<div class=\"elementor-widget-wrap elementor-element-populated\">\n\t\t\t\t\t\t<div class=\"elementor-element elementor-element-63c7cf9 elementor-widget-divider--view-line elementor-widget elementor-widget-divider\" data-id=\"63c7cf9\" data-element_type=\"widget\" data-e-type=\"widget\" data-widget_type=\"divider.default\">\n\t\t\t\t\t\t\t<div class=\"elementor-divider\">\n\t\t\t<span class=\"elementor-divider-separator\">\n\t\t\t\t\t\t<\/span>\n\t\t<\/div>\n\t\t\t\t\t\t<\/div>\n\t\t\t\t\t<\/div>\n\t\t<\/div>\n\t\t\t\t\t<\/div>\n\t\t<\/section>\n\t\t\t\t<\/div>\n\t\t","protected":false},"excerpt":{"rendered":"<p>Z\u00e1sady nakl\u00e1d\u00e1n\u00ed s&nbsp;osobn\u00edmi \u00fadaji Zpracov\u00e1n\u00ed osobn\u00edch \u00fadaj\u016f p\u0159i&nbsp;registraci na&nbsp;webov\u00e9 str\u00e1nky fadn.cz<\/p>\n","protected":false},"author":5,"featured_media":0,"parent":800,"menu_order":4,"comment_status":"closed","ping_status":"closed","template":"","meta":{"site-sidebar-layout":"no-sidebar","site-content-layout":"page-builder","ast-site-content-layout":"full-width-container","site-content-style":"unboxed","site-sidebar-style":"unboxed","ast-global-header-display":"","ast-banner-title-visibility":"","ast-main-header-display":"","ast-hfb-above-header-display":"","ast-hfb-below-header-display":"","ast-hfb-mobile-header-display":"","site-post-title":"disabled","ast-breadcrumbs-content":"","ast-featured-img":"disabled","footer-sml-layout":"","ast-disable-related-posts":"","theme-transparent-header-meta":"","adv-header-id-meta":"","stick-header-meta":"","header-above-stick-meta":"","header-main-stick-meta":"","header-below-stick-meta":"","astra-migrate-meta-layouts":"set","ast-page-background-enabled":"default","ast-page-background-meta":{"desktop":{"background-color":"var(--ast-global-color-4)","background-image":"","background-repeat":"repeat","background-position":"center center","background-size":"auto","background-attachment":"scroll","background-type":"","background-media":"","overlay-type":"","overlay-color":"","overlay-opacity":"","overlay-gradient":""},"tablet":{"background-color":"","background-image":"","background-repeat":"repeat","background-position":"center center","background-size":"auto","background-attachment":"scroll","background-type":"","background-media":"","overlay-type":"","overlay-color":"","overlay-opacity":"","overlay-gradient":""},"mobile":{"background-color":"","background-image":"","background-repeat":"repeat","background-position":"center center","background-size":"auto","background-attachment":"scroll","background-type":"","background-media":"","overlay-type":"","overlay-color":"","overlay-opacity":"","overlay-gradient":""}},"ast-content-background-meta":{"desktop":{"background-color":"var(--ast-global-color-5)","background-image":"","background-repeat":"repeat","background-position":"center center","background-size":"auto","background-attachment":"scroll","background-type":"","background-media":"","overlay-type":"","overlay-color":"","overlay-opacity":"","overlay-gradient":""},"tablet":{"background-color":"var(--ast-global-color-5)","background-image":"","background-repeat":"repeat","background-position":"center center","background-size":"auto","background-attachment":"scroll","background-type":"","background-media":"","overlay-type":"","overlay-color":"","overlay-opacity":"","overlay-gradient":""},"mobile":{"background-color":"var(--ast-global-color-5)","background-image":"","background-repeat":"repeat","background-position":"center center","background-size":"auto","background-attachment":"scroll","background-type":"","background-media":"","overlay-type":"","overlay-color":"","overlay-opacity":"","overlay-gradient":""}},"footnotes":""},"class_list":["post-4146","page","type-page","status-publish","hentry"],"yoast_head":"<!-- This site is optimized with the Yoast SEO plugin v26.9 - https:\/\/yoast.com\/product\/yoast-seo-wordpress\/ -->\n<title>webov\u00e9 str\u00e1nky FADN<\/title>\n<meta name=\"description\" content=\"webov\u00e9 str\u00e1nky FADN\" \/>\n<meta name=\"robots\" content=\"index, follow, max-snippet:-1, max-image-preview:large, max-video-preview:-1\" \/>\n<link rel=\"canonical\" href=\"https:\/\/fadn.cz\/cz\/partneri\/registrace-2\/zasady-ochrany-osobnich-udaju\/\" \/>\n<meta property=\"og:locale\" content=\"cs_CZ\" \/>\n<meta property=\"og:type\" content=\"article\" \/>\n<meta property=\"og:title\" content=\"webov\u00e9 str\u00e1nky FADN\" \/>\n<meta property=\"og:description\" content=\"webov\u00e9 str\u00e1nky FADN\" \/>\n<meta property=\"og:url\" content=\"https:\/\/fadn.cz\/cz\/partneri\/registrace-2\/zasady-ochrany-osobnich-udaju\/\" \/>\n<meta property=\"og:site_name\" content=\"FADN\" \/>\n<meta property=\"article:publisher\" content=\"https:\/\/www.facebook.com\/fadncz\" \/>\n<meta property=\"article:modified_time\" content=\"2025-01-02T09:03:48+00:00\" \/>\n<meta name=\"twitter:card\" content=\"summary_large_image\" \/>\n<meta name=\"twitter:label1\" content=\"Odhadovan\u00e1 doba \u010dten\u00ed\" \/>\n\t<meta name=\"twitter:data1\" content=\"1 minuta\" \/>\n<script type=\"application\/ld+json\" class=\"yoast-schema-graph\">{\"@context\":\"https:\/\/schema.org\",\"@graph\":[{\"@type\":[\"WebPage\",\"AboutPage\"],\"@id\":\"https:\/\/fadn.cz\/partneri\/registrace-2\/zasady-ochrany-osobnich-udaju\/\",\"url\":\"https:\/\/fadn.cz\/partneri\/registrace-2\/zasady-ochrany-osobnich-udaju\/\",\"name\":\"webov\u00e9 str\u00e1nky FADN\",\"isPartOf\":{\"@id\":\"https:\/\/fadn.cz\/cz\/#website\"},\"datePublished\":\"2023-02-14T11:52:26+00:00\",\"dateModified\":\"2025-01-02T09:03:48+00:00\",\"description\":\"webov\u00e9 str\u00e1nky FADN\",\"breadcrumb\":{\"@id\":\"https:\/\/fadn.cz\/partneri\/registrace-2\/zasady-ochrany-osobnich-udaju\/#breadcrumb\"},\"inLanguage\":\"cs\",\"potentialAction\":[{\"@type\":\"ReadAction\",\"target\":[\"https:\/\/fadn.cz\/partneri\/registrace-2\/zasady-ochrany-osobnich-udaju\/\"]}]},{\"@type\":\"BreadcrumbList\",\"@id\":\"https:\/\/fadn.cz\/partneri\/registrace-2\/zasady-ochrany-osobnich-udaju\/#breadcrumb\",\"itemListElement\":[{\"@type\":\"ListItem\",\"position\":1,\"name\":\"Dom\u016f\",\"item\":\"https:\/\/fadn.cz\/\"},{\"@type\":\"ListItem\",\"position\":2,\"name\":\"PARTNE\u0158I\",\"item\":\"https:\/\/fadn.cz\/partneri\/\"},{\"@type\":\"ListItem\",\"position\":3,\"name\":\"REGISTRACE\",\"item\":\"https:\/\/fadn.cz\/partneri\/registrace-2\/\"},{\"@type\":\"ListItem\",\"position\":4,\"name\":\"Z\u00c1SADY OCHRANY OSOBN\u00cdCH \u00daDAJ\u016e\"}]},{\"@type\":\"WebSite\",\"@id\":\"https:\/\/fadn.cz\/cz\/#website\",\"url\":\"https:\/\/fadn.cz\/cz\/\",\"name\":\"Zem\u011bd\u011blsk\u00e1 \u00fa\u010detn\u00ed datov\u00e1 s\u00ed\u0165 FADN\",\"description\":\"Zem\u011bd\u011blsk\u00e1 \u00fa\u010detn\u00ed datov\u00e1 s\u00ed\u0165 \u010cR\",\"publisher\":{\"@id\":\"https:\/\/fadn.cz\/cz\/#organization\"},\"potentialAction\":[{\"@type\":\"SearchAction\",\"target\":{\"@type\":\"EntryPoint\",\"urlTemplate\":\"https:\/\/fadn.cz\/cz\/?s={search_term_string}\"},\"query-input\":{\"@type\":\"PropertyValueSpecification\",\"valueRequired\":true,\"valueName\":\"search_term_string\"}}],\"inLanguage\":\"cs\"},{\"@type\":\"Organization\",\"@id\":\"https:\/\/fadn.cz\/cz\/#organization\",\"name\":\"Zem\u011bd\u011blsk\u00e1 \u00fa\u010detn\u00ed datov\u00e1 s\u00ed\u0165 FADN\",\"url\":\"https:\/\/fadn.cz\/cz\/\",\"logo\":{\"@type\":\"ImageObject\",\"inLanguage\":\"cs\",\"@id\":\"https:\/\/fadn.cz\/cz\/#\/schema\/logo\/image\/\",\"url\":\"https:\/\/fadn.cz\/wp-content\/uploads\/2022\/11\/logo_FADN_ONLY_web.svg\",\"contentUrl\":\"https:\/\/fadn.cz\/wp-content\/uploads\/2022\/11\/logo_FADN_ONLY_web.svg\",\"width\":585,\"height\":157,\"caption\":\"Zem\u011bd\u011blsk\u00e1 \u00fa\u010detn\u00ed datov\u00e1 s\u00ed\u0165 FADN\"},\"image\":{\"@id\":\"https:\/\/fadn.cz\/cz\/#\/schema\/logo\/image\/\"},\"sameAs\":[\"https:\/\/www.facebook.com\/fadncz\",\"https:\/\/www.youtube.com\/channel\/UC1Y8WuJH_NjjqNN1VgPXxuA\",\"https:\/\/www.instagram.com\/fadncz\"]}]}<\/script>\n<!-- \/ Yoast SEO plugin. -->","yoast_head_json":{"title":"webov\u00e9 str\u00e1nky FADN","description":"webov\u00e9 str\u00e1nky FADN","robots":{"index":"index","follow":"follow","max-snippet":"max-snippet:-1","max-image-preview":"max-image-preview:large","max-video-preview":"max-video-preview:-1"},"canonical":"https:\/\/fadn.cz\/cz\/partneri\/registrace-2\/zasady-ochrany-osobnich-udaju\/","og_locale":"cs_CZ","og_type":"article","og_title":"webov\u00e9 str\u00e1nky FADN","og_description":"webov\u00e9 str\u00e1nky FADN","og_url":"https:\/\/fadn.cz\/cz\/partneri\/registrace-2\/zasady-ochrany-osobnich-udaju\/","og_site_name":"FADN","article_publisher":"https:\/\/www.facebook.com\/fadncz","article_modified_time":"2025-01-02T09:03:48+00:00","twitter_card":"summary_large_image","twitter_misc":{"Odhadovan\u00e1 doba \u010dten\u00ed":"1 minuta"},"schema":{"@context":"https:\/\/schema.org","@graph":[{"@type":["WebPage","AboutPage"],"@id":"https:\/\/fadn.cz\/partneri\/registrace-2\/zasady-ochrany-osobnich-udaju\/","url":"https:\/\/fadn.cz\/partneri\/registrace-2\/zasady-ochrany-osobnich-udaju\/","name":"webov\u00e9 str\u00e1nky FADN","isPartOf":{"@id":"https:\/\/fadn.cz\/cz\/#website"},"datePublished":"2023-02-14T11:52:26+00:00","dateModified":"2025-01-02T09:03:48+00:00","description":"webov\u00e9 str\u00e1nky FADN","breadcrumb":{"@id":"https:\/\/fadn.cz\/partneri\/registrace-2\/zasady-ochrany-osobnich-udaju\/#breadcrumb"},"inLanguage":"cs","potentialAction":[{"@type":"ReadAction","target":["https:\/\/fadn.cz\/partneri\/registrace-2\/zasady-ochrany-osobnich-udaju\/"]}]},{"@type":"BreadcrumbList","@id":"https:\/\/fadn.cz\/partneri\/registrace-2\/zasady-ochrany-osobnich-udaju\/#breadcrumb","itemListElement":[{"@type":"ListItem","position":1,"name":"Dom\u016f","item":"https:\/\/fadn.cz\/"},{"@type":"ListItem","position":2,"name":"PARTNE\u0158I","item":"https:\/\/fadn.cz\/partneri\/"},{"@type":"ListItem","position":3,"name":"REGISTRACE","item":"https:\/\/fadn.cz\/partneri\/registrace-2\/"},{"@type":"ListItem","position":4,"name":"Z\u00c1SADY OCHRANY OSOBN\u00cdCH \u00daDAJ\u016e"}]},{"@type":"WebSite","@id":"https:\/\/fadn.cz\/cz\/#website","url":"https:\/\/fadn.cz\/cz\/","name":"Zem\u011bd\u011blsk\u00e1 \u00fa\u010detn\u00ed datov\u00e1 s\u00ed\u0165 FADN","description":"Zem\u011bd\u011blsk\u00e1 \u00fa\u010detn\u00ed datov\u00e1 s\u00ed\u0165 \u010cR","publisher":{"@id":"https:\/\/fadn.cz\/cz\/#organization"},"potentialAction":[{"@type":"SearchAction","target":{"@type":"EntryPoint","urlTemplate":"https:\/\/fadn.cz\/cz\/?s={search_term_string}"},"query-input":{"@type":"PropertyValueSpecification","valueRequired":true,"valueName":"search_term_string"}}],"inLanguage":"cs"},{"@type":"Organization","@id":"https:\/\/fadn.cz\/cz\/#organization","name":"Zem\u011bd\u011blsk\u00e1 \u00fa\u010detn\u00ed datov\u00e1 s\u00ed\u0165 FADN","url":"https:\/\/fadn.cz\/cz\/","logo":{"@type":"ImageObject","inLanguage":"cs","@id":"https:\/\/fadn.cz\/cz\/#\/schema\/logo\/image\/","url":"https:\/\/fadn.cz\/wp-content\/uploads\/2022\/11\/logo_FADN_ONLY_web.svg","contentUrl":"https:\/\/fadn.cz\/wp-content\/uploads\/2022\/11\/logo_FADN_ONLY_web.svg","width":585,"height":157,"caption":"Zem\u011bd\u011blsk\u00e1 \u00fa\u010detn\u00ed datov\u00e1 s\u00ed\u0165 FADN"},"image":{"@id":"https:\/\/fadn.cz\/cz\/#\/schema\/logo\/image\/"},"sameAs":["https:\/\/www.facebook.com\/fadncz","https:\/\/www.youtube.com\/channel\/UC1Y8WuJH_NjjqNN1VgPXxuA","https:\/\/www.instagram.com\/fadncz"]}]}},"_links":{"self":[{"href":"https:\/\/fadn.cz\/cz\/wp-json\/wp\/v2\/pages\/4146","targetHints":{"allow":["GET"]}}],"collection":[{"href":"https:\/\/fadn.cz\/cz\/wp-json\/wp\/v2\/pages"}],"about":[{"href":"https:\/\/fadn.cz\/cz\/wp-json\/wp\/v2\/types\/page"}],"author":[{"embeddable":true,"href":"https:\/\/fadn.cz\/cz\/wp-json\/wp\/v2\/users\/5"}],"replies":[{"embeddable":true,"href":"https:\/\/fadn.cz\/cz\/wp-json\/wp\/v2\/comments?post=4146"}],"version-history":[{"count":13,"href":"https:\/\/fadn.cz\/cz\/wp-json\/wp\/v2\/pages\/4146\/revisions"}],"predecessor-version":[{"id":11529,"href":"https:\/\/fadn.cz\/cz\/wp-json\/wp\/v2\/pages\/4146\/revisions\/11529"}],"up":[{"embeddable":true,"href":"https:\/\/fadn.cz\/cz\/wp-json\/wp\/v2\/pages\/800"}],"wp:attachment":[{"href":"https:\/\/fadn.cz\/cz\/wp-json\/wp\/v2\/media?parent=4146"}],"curies":[{"name":"wp","href":"https:\/\/api.w.org\/{rel}","templated":true}]}}